{"id":8,"date":"2023-01-25T19:39:23","date_gmt":"2023-01-25T19:39:23","guid":{"rendered":"http:\/\/macronaturalsshop.com\/?page_id=8"},"modified":"2023-02-10T16:49:35","modified_gmt":"2023-02-10T16:49:35","slug":"my-account","status":"publish","type":"page","link":"https:\/\/macronaturalsshop.com\/?page_id=8","title":{"rendered":"Mi cuenta"},"content":{"rendered":"<div class=\"woocommerce\"><div class=\"woocommerce-notices-wrapper\"><\/div><div class=\"user\">\n\n\t<div id=\"customer_login\" class=\"register_login_wrapper active\">\n\t\t<h2 class=\"title\">Iniciar sesi\u00f3n<\/h2>\n\t\t<form method=\"post\" class=\"login\" role=\"form\">\n\n\t\t\t\n\t\t\t<p class=\"form-group form-row form-row-wide\">\n\t\t\t\t<label for=\"username\">Usuario o correo electr\u00f3nico  <span class=\"required\">*<\/span><\/label>\n\t\t\t\t<input type=\"text\" class=\"  form-control\" name=\"username\" id=\"username\" value=\"\" \/>\n\t\t\t<\/p>\n\t\t\t<p class=\"form-group form-row form-row-wide\">\n\t\t\t\t<label for=\"password\">Contrase\u00f1a <span class=\"required\">*<\/span><\/label>\n\t\t\t\t<input class=\"  form-control\" type=\"password\" name=\"password\" id=\"password\" \/>\n\t\t\t<\/p>\n\n\t\t\t\n\t\t\t<div class=\"form-group form-row\">\n\t\t\t\t<input type=\"hidden\" id=\"woocommerce-login-nonce\" name=\"woocommerce-login-nonce\" value=\"cb4d074fdb\" \/><input type=\"hidden\" name=\"_wp_http_referer\" value=\"\/index.php?rest_route=%2Fwp%2Fv2%2Fpages%2F8\" \/>\t\t\t\t<div class=\"form-group clearfix\">\n\t\t\t\t\t<span class=\"inline pull-left\">\n\t\t\t\t\t\t<input name=\"rememberme\" type=\"checkbox\" id=\"rememberme\" value=\"forever\" \/> Recordar\t\t\t\t\t<\/span>\n\t\t\t\t\t<span class=\"lost_password pull-right\">\n\t\t\t\t\t\t<a href=\"https:\/\/macronaturalsshop.com\/?page_id=8&#038;lost-password\">\u00bfOlvid\u00f3 su contrase\u00f1a?<\/a>\n\t\t\t\t\t<\/span>\n\t\t\t\t<\/div>\n\t\t\t\t<input type=\"submit\" class=\"btn btn-theme btn-block\" name=\"login\" value=\"Iniciar sesi\u00f3n\" \/>\n\t\t\t<\/div>\n\n\t\t\t\n\t\t<\/form>\n\n\t\t\t\t\t<div class=\"create text-center\">\n\t\t\t\t<a class=\"creat-account register-login-action\" href=\"#customer_register\">Crear una cuenta<\/a>\n\t\t\t<\/div>\n\t\t\n\t<\/div>\n\n\n\t<div id=\"customer_register\" class=\"content-register register_login_wrapper \">\n\n\t\t<h2 class=\"title\">Registrar<\/h2>\n\t\t<form method=\"post\" class=\"register widget\"  >\n\n\t\t\t\n\t\t\t\n\t\t\t<p class=\"form-group form-row form-row-wide\">\n\t\t\t\t<label for=\"reg_email\">Correo electr\u00f3nico <span class=\"required\">*<\/span><\/label>\n\t\t\t\t<input type=\"email\" class=\"  form-control\" name=\"email\" id=\"reg_email\" value=\"\" \/>\n\t\t\t<\/p>\n\n\t\t\t\n\t\t\t\t<p>Se enviar\u00e1 una contrase\u00f1a a su direcci\u00f3n de correo electr\u00f3nico.<\/p>\n\n\t\t\t\n\n\t\t\t<wc-order-attribution-inputs><\/wc-order-attribution-inputs><div class=\"woocommerce-privacy-policy-text\"><p>Sus datos personales se utilizar\u00e1n para respaldar su experiencia en este sitio web, para administrar el acceso a su cuenta y para otros fines descritos en nuestra <a href=\"https:\/\/macronaturalsshop.com\/?page_id=3\" class=\"woocommerce-privacy-policy-link\" target=\"_blank\">pol\u00edtica de privacidad<\/a>.<\/p>\n<\/div>\n\t\t\t<p class=\"form-group form-row wrapper-submit\">\n\t\t\t\t<input type=\"hidden\" id=\"woocommerce-register-nonce\" name=\"woocommerce-register-nonce\" value=\"9607c1b9ea\" \/><input type=\"hidden\" name=\"_wp_http_referer\" value=\"\/index.php?rest_route=%2Fwp%2Fv2%2Fpages%2F8\" \/>\t\t\t\t<button type=\"submit\" class=\"btn btn-theme btn-block\" name=\"register\" value=\"Registrar\">Registrar<\/button>\n\t\t\t<\/p>\n\n\t\t\t\n\t\t<\/form>\n\n\t\t<div class=\"create text-center\">\n\t\t\t<a class=\"login-account register-login-action\" href=\"#customer_login\">o Iniciar sesi\u00f3n<\/a>\n\t\t<\/div>\n\n\t<\/div>\n\n<\/div>\n<\/div>","protected":false},"excerpt":{"rendered":"","protected":false},"author":1,"featured_media":0,"parent":0,"menu_order":0,"comment_status":"closed","ping_status":"closed","template":"","meta":{"footnotes":""},"class_list":["post-8","page","type-page","status-publish","hentry"],"jetpack_sharing_enabled":true,"_links":{"self":[{"href":"https:\/\/macronaturalsshop.com\/index.php?rest_route=\/wp\/v2\/pages\/8"}],"collection":[{"href":"https:\/\/macronaturalsshop.com\/index.php?rest_route=\/wp\/v2\/pages"}],"about":[{"href":"https:\/\/macronaturalsshop.com\/index.php?rest_route=\/wp\/v2\/types\/page"}],"author":[{"embeddable":true,"href":"https:\/\/macronaturalsshop.com\/index.php?rest_route=\/wp\/v2\/users\/1"}],"replies":[{"embeddable":true,"href":"https:\/\/macronaturalsshop.com\/index.php?rest_route=%2Fwp%2Fv2%2Fcomments&post=8"}],"version-history":[{"count":1,"href":"https:\/\/macronaturalsshop.com\/index.php?rest_route=\/wp\/v2\/pages\/8\/revisions"}],"predecessor-version":[{"id":1849,"href":"https:\/\/macronaturalsshop.com\/index.php?rest_route=\/wp\/v2\/pages\/8\/revisions\/1849"}],"wp:attachment":[{"href":"https:\/\/macronaturalsshop.com\/index.php?rest_route=%2Fwp%2Fv2%2Fmedia&parent=8"}],"curies":[{"name":"wp","href":"https:\/\/api.w.org\/{rel}","templated":true}]}}