{"id":1770,"date":"2025-08-10T11:00:56","date_gmt":"2025-08-10T11:00:56","guid":{"rendered":"https:\/\/macronaturalsshop.com\/?post_type=product&#038;p=1770"},"modified":"2025-08-11T04:11:22","modified_gmt":"2025-08-11T04:11:22","slug":"biotina","status":"publish","type":"product","link":"https:\/\/macronaturalsshop.com\/?product=biotina","title":{"rendered":"Biotina 5,000 mcg"},"content":{"rendered":"<p>La biotina es una extraordinaria vitamina B que nutre la piel y el cabello desde el interior. Adem\u00e1s, cuenta con un gran n\u00famero de<br \/>\npropiedades que apoyan el sistema nervioso y es \u00fatil en los casos de aumento del estr\u00e9s en el trabajo, en casa o cuando se estudia.  Previene problemas cut\u00e1neos tales como dermatitis o psoriasis, ya que puede regenerar los tejidos. Mejora el estado de \u00e1nimo, fortalece la salud cardiovascular, ayuda al sistema nervioso previniendo enfermedades neurodegenerativas y regenera el tejido muscular cuando este sufre alg\u00fan problema o debilitamiento. Esto convierte a la biotina en un buen aliado para deportistas y personas mayores.<\/p>\n","protected":false},"excerpt":{"rendered":"<p>&#8211; Proporciona un nutriente necesario para la asimilaci\u00f3n de vitaminas del complejo B.<br \/>\n&#8211; Importante para la producci\u00f3n de \u00e1cidos grasos y energ\u00eda en el organismo.<br \/>\n&#8211; Participa en el crecimiento celular.<br \/>\n&#8211; Apoya la salud de la piel, cabello y u\u00f1as.<\/p>\n","protected":false},"featured_media":3414,"comment_status":"open","ping_status":"closed","template":"","meta":[],"product_brand":[454],"product_cat":[408],"product_tag":[571,502,500,501,520,509,503,581],"class_list":{"0":"post-1770","1":"product","2":"type-product","3":"status-publish","4":"has-post-thumbnail","6":"product_brand-alfa","7":"product_cat-cuidado-personal","8":"product_tag-cartilagos","9":"product_tag-heredia","10":"product_tag-macrobiotica","11":"product_tag-natural","12":"product_tag-natural-shop","13":"product_tag-piel","14":"product_tag-san-pablo","15":"product_tag-unas","17":"first","18":"instock","19":"shipping-taxable","20":"purchasable","21":"product-type-simple"},"jetpack_sharing_enabled":true,"_links":{"self":[{"href":"https:\/\/macronaturalsshop.com\/index.php?rest_route=\/wp\/v2\/product\/1770"}],"collection":[{"href":"https:\/\/macronaturalsshop.com\/index.php?rest_route=\/wp\/v2\/product"}],"about":[{"href":"https:\/\/macronaturalsshop.com\/index.php?rest_route=\/wp\/v2\/types\/product"}],"replies":[{"embeddable":true,"href":"https:\/\/macronaturalsshop.com\/index.php?rest_route=%2Fwp%2Fv2%2Fcomments&post=1770"}],"wp:featuredmedia":[{"embeddable":true,"href":"https:\/\/macronaturalsshop.com\/index.php?rest_route=\/wp\/v2\/media\/3414"}],"wp:attachment":[{"href":"https:\/\/macronaturalsshop.com\/index.php?rest_route=%2Fwp%2Fv2%2Fmedia&parent=1770"}],"wp:term":[{"taxonomy":"product_brand","embeddable":true,"href":"https:\/\/macronaturalsshop.com\/index.php?rest_route=%2Fwp%2Fv2%2Fproduct_brand&post=1770"},{"taxonomy":"product_cat","embeddable":true,"href":"https:\/\/macronaturalsshop.com\/index.php?rest_route=%2Fwp%2Fv2%2Fproduct_cat&post=1770"},{"taxonomy":"product_tag","embeddable":true,"href":"https:\/\/macronaturalsshop.com\/index.php?rest_route=%2Fwp%2Fv2%2Fproduct_tag&post=1770"}],"curies":[{"name":"wp","href":"https:\/\/api.w.org\/{rel}","templated":true}]}}