{"id":1774,"date":"2025-08-11T02:30:53","date_gmt":"2025-08-11T02:30:53","guid":{"rendered":"https:\/\/macronaturalsshop.com\/?post_type=product&#038;p=1774"},"modified":"2025-08-11T20:18:27","modified_gmt":"2025-08-11T20:18:27","slug":"ginkgo-biloba","status":"publish","type":"product","link":"https:\/\/macronaturalsshop.com\/?product=ginkgo-biloba","title":{"rendered":"Ginkgo Biloba 120mg"},"content":{"rendered":"<p>Es una plata medicinal de origen Chino, la cual presenta innumerables beneficios debido a la gran cantidad de propiedades que presenta. Es uno de los remedios naturales m\u00e1s eficaces para tratar trastornos circulatorios, posee una serie de antioxidantes como lo son los flavonoides.<br \/>\nEn la industria est\u00e9tica el ginkgo biloba resulta muy favorecedor, ya que previene el envejecimiento prematuro, ya que gracias a la eliminaci\u00f3n de radicales libres, permite lucir una piel m\u00e1s radiante y libre de l\u00edneas de expresi\u00f3n. Mejora la visi\u00f3n y la memoria y ayuda a prevenir la aparici\u00f3n de varices y disminuye los s\u00edntomas del s\u00edndrome premenstrual.<\/p>\n","protected":false},"excerpt":{"rendered":"<p>Ayuda a mejorar el flujo sangu\u00edneo.<br \/>\nApoya la funci\u00f3n cerebral.<br \/>\nPromueve la oxigenaci\u00f3n de los tejidos.<br \/>\nRico en flavonoides que act\u00faan como antioxidantes.<br \/>\nAyuda a la  suministro de ox\u00edgeno al coraz\u00f3n, al cerebro y a todos los dem\u00e1s \u00f3rganos.<\/p>\n","protected":false},"featured_media":4949,"comment_status":"open","ping_status":"closed","template":"","meta":[],"product_brand":[454],"product_cat":[448,393],"product_tag":[564,502,500,501,520,509,503],"class_list":{"0":"post-1774","1":"product","2":"type-product","3":"status-publish","4":"has-post-thumbnail","6":"product_brand-alfa","7":"product_cat-circulacion","8":"product_cat-energia","9":"product_tag-antioxidante","10":"product_tag-heredia","11":"product_tag-macrobiotica","12":"product_tag-natural","13":"product_tag-natural-shop","14":"product_tag-piel","15":"product_tag-san-pablo","17":"first","18":"instock","19":"shipping-taxable","20":"purchasable","21":"product-type-simple"},"jetpack_sharing_enabled":true,"_links":{"self":[{"href":"https:\/\/macronaturalsshop.com\/index.php?rest_route=\/wp\/v2\/product\/1774"}],"collection":[{"href":"https:\/\/macronaturalsshop.com\/index.php?rest_route=\/wp\/v2\/product"}],"about":[{"href":"https:\/\/macronaturalsshop.com\/index.php?rest_route=\/wp\/v2\/types\/product"}],"replies":[{"embeddable":true,"href":"https:\/\/macronaturalsshop.com\/index.php?rest_route=%2Fwp%2Fv2%2Fcomments&post=1774"}],"wp:featuredmedia":[{"embeddable":true,"href":"https:\/\/macronaturalsshop.com\/index.php?rest_route=\/wp\/v2\/media\/4949"}],"wp:attachment":[{"href":"https:\/\/macronaturalsshop.com\/index.php?rest_route=%2Fwp%2Fv2%2Fmedia&parent=1774"}],"wp:term":[{"taxonomy":"product_brand","embeddable":true,"href":"https:\/\/macronaturalsshop.com\/index.php?rest_route=%2Fwp%2Fv2%2Fproduct_brand&post=1774"},{"taxonomy":"product_cat","embeddable":true,"href":"https:\/\/macronaturalsshop.com\/index.php?rest_route=%2Fwp%2Fv2%2Fproduct_cat&post=1774"},{"taxonomy":"product_tag","embeddable":true,"href":"https:\/\/macronaturalsshop.com\/index.php?rest_route=%2Fwp%2Fv2%2Fproduct_tag&post=1774"}],"curies":[{"name":"wp","href":"https:\/\/api.w.org\/{rel}","templated":true}]}}