{"id":1777,"date":"2025-08-20T07:01:03","date_gmt":"2025-08-20T07:01:03","guid":{"rendered":"https:\/\/macronaturalsshop.com\/?post_type=product&#038;p=1777"},"modified":"2025-08-29T23:21:33","modified_gmt":"2025-08-29T23:21:33","slug":"moringa","status":"publish","type":"product","link":"https:\/\/macronaturalsshop.com\/?product=moringa","title":{"rendered":"Moringa 1000mg 100c\u00e1ps"},"content":{"rendered":"<p>Proporciona cantidades significativas de vitaminas, minerales, prote\u00ednas, amino\u00e1cidos esenciales y antioxidantes, que le dan un alto valor nutricional. La moringa es antidiab\u00e9tica, antiinflamatoria, ejerce un efecto reparador sobre las c\u00e9lulas hep\u00e1ticas<br \/>\nincrementando el contenido en prote\u00ednas, restaurando los niveles de enzimas hep\u00e1ticas, y garantizando el buen funcionamiento de la digesti\u00f3n y la metabolizaci\u00f3n de los nutrientes, muestra una potente acci\u00f3n antibacteriana, lo que impide el desarrollo y propagaci\u00f3n de determinados agentes pat\u00f3genos, como las bacterias H. pylori, E. coli, y Salmonella, por lo que ayuda a combatir la diarrea, disminuye el colesterol y tiene propiedades que protegen la salud cardiovascular.<\/p>\n","protected":false},"excerpt":{"rendered":"<p>La moringa aporta importantes cantidades de vitaminas, minerales y prote\u00ednas, que le confieren un alto valor nutricional.<\/p>\n","protected":false},"featured_media":1787,"comment_status":"open","ping_status":"closed","template":"","meta":[],"product_brand":[454],"product_cat":[379],"product_tag":[502,500,501,520,503,568],"class_list":{"0":"post-1777","1":"product","2":"type-product","3":"status-publish","4":"has-post-thumbnail","6":"product_brand-alfa","7":"product_cat-sistema-inmunologico","8":"product_tag-heredia","9":"product_tag-macrobiotica","10":"product_tag-natural","11":"product_tag-natural-shop","12":"product_tag-san-pablo","13":"product_tag-vitaminas","15":"first","16":"instock","17":"shipping-taxable","18":"purchasable","19":"product-type-simple"},"jetpack_sharing_enabled":true,"_links":{"self":[{"href":"https:\/\/macronaturalsshop.com\/index.php?rest_route=\/wp\/v2\/product\/1777"}],"collection":[{"href":"https:\/\/macronaturalsshop.com\/index.php?rest_route=\/wp\/v2\/product"}],"about":[{"href":"https:\/\/macronaturalsshop.com\/index.php?rest_route=\/wp\/v2\/types\/product"}],"replies":[{"embeddable":true,"href":"https:\/\/macronaturalsshop.com\/index.php?rest_route=%2Fwp%2Fv2%2Fcomments&post=1777"}],"wp:featuredmedia":[{"embeddable":true,"href":"https:\/\/macronaturalsshop.com\/index.php?rest_route=\/wp\/v2\/media\/1787"}],"wp:attachment":[{"href":"https:\/\/macronaturalsshop.com\/index.php?rest_route=%2Fwp%2Fv2%2Fmedia&parent=1777"}],"wp:term":[{"taxonomy":"product_brand","embeddable":true,"href":"https:\/\/macronaturalsshop.com\/index.php?rest_route=%2Fwp%2Fv2%2Fproduct_brand&post=1777"},{"taxonomy":"product_cat","embeddable":true,"href":"https:\/\/macronaturalsshop.com\/index.php?rest_route=%2Fwp%2Fv2%2Fproduct_cat&post=1777"},{"taxonomy":"product_tag","embeddable":true,"href":"https:\/\/macronaturalsshop.com\/index.php?rest_route=%2Fwp%2Fv2%2Fproduct_tag&post=1777"}],"curies":[{"name":"wp","href":"https:\/\/api.w.org\/{rel}","templated":true}]}}