{"id":1841,"date":"2025-08-16T02:05:29","date_gmt":"2025-08-16T02:05:29","guid":{"rendered":"https:\/\/macronaturalsshop.com\/?post_type=product&#038;p=1841"},"modified":"2025-08-16T21:35:10","modified_gmt":"2025-08-16T21:35:10","slug":"mezcla-de-miel-y-propoleo","status":"publish","type":"product","link":"https:\/\/macronaturalsshop.com\/?product=mezcla-de-miel-y-propoleo","title":{"rendered":"Miel con Prop\u00f3leo 320G"},"content":{"rendered":"<p>Miel con prop\u00f3leo es un alimento dulce por naturaleza. Al combinar la miel con prop\u00f3leo y el T\u00e9 de Bamb\u00fa se obtiene una bebida deliciosa, que puede ayudarle a aliviar los s\u00edntomas de la gripe y el resfr\u00edo.<br \/>\nPosee diversas vitaminas y minerales como: sodio, magnesio, hierro, potasio, calcio, vitaminas A, E y Complejo B.<br \/>\nPosee propiedades relajantes y antis\u00e9pticas.<br \/>\nFuente de carbohidratos por lo que proporciona energ\u00eda.<br \/>\nContribuye al funcionamiento normal del sistema inmunitario.<\/p>\n","protected":false},"excerpt":{"rendered":"<p>Miel con prop\u00f3leo es un alimento dulce por naturaleza. Contiene Vitamina C que contribuye al funcionamiento normal del sistema inmunitario.<\/p>\n","protected":false},"featured_media":1885,"comment_status":"open","ping_status":"closed","template":"","meta":[],"product_brand":[476],"product_cat":[379],"product_tag":[502,500,501,520,503],"class_list":{"0":"post-1841","1":"product","2":"type-product","3":"status-publish","4":"has-post-thumbnail","6":"product_brand-mana","7":"product_cat-sistema-inmunologico","8":"product_tag-heredia","9":"product_tag-macrobiotica","10":"product_tag-natural","11":"product_tag-natural-shop","12":"product_tag-san-pablo","14":"first","15":"instock","16":"shipping-taxable","17":"purchasable","18":"product-type-simple"},"jetpack_sharing_enabled":true,"_links":{"self":[{"href":"https:\/\/macronaturalsshop.com\/index.php?rest_route=\/wp\/v2\/product\/1841"}],"collection":[{"href":"https:\/\/macronaturalsshop.com\/index.php?rest_route=\/wp\/v2\/product"}],"about":[{"href":"https:\/\/macronaturalsshop.com\/index.php?rest_route=\/wp\/v2\/types\/product"}],"replies":[{"embeddable":true,"href":"https:\/\/macronaturalsshop.com\/index.php?rest_route=%2Fwp%2Fv2%2Fcomments&post=1841"}],"wp:featuredmedia":[{"embeddable":true,"href":"https:\/\/macronaturalsshop.com\/index.php?rest_route=\/wp\/v2\/media\/1885"}],"wp:attachment":[{"href":"https:\/\/macronaturalsshop.com\/index.php?rest_route=%2Fwp%2Fv2%2Fmedia&parent=1841"}],"wp:term":[{"taxonomy":"product_brand","embeddable":true,"href":"https:\/\/macronaturalsshop.com\/index.php?rest_route=%2Fwp%2Fv2%2Fproduct_brand&post=1841"},{"taxonomy":"product_cat","embeddable":true,"href":"https:\/\/macronaturalsshop.com\/index.php?rest_route=%2Fwp%2Fv2%2Fproduct_cat&post=1841"},{"taxonomy":"product_tag","embeddable":true,"href":"https:\/\/macronaturalsshop.com\/index.php?rest_route=%2Fwp%2Fv2%2Fproduct_tag&post=1841"}],"curies":[{"name":"wp","href":"https:\/\/api.w.org\/{rel}","templated":true}]}}