{"id":1842,"date":"2025-08-16T02:10:46","date_gmt":"2025-08-16T02:10:46","guid":{"rendered":"https:\/\/macronaturalsshop.com\/?post_type=product&#038;p=1842"},"modified":"2025-08-16T21:40:27","modified_gmt":"2025-08-16T21:40:27","slug":"infusion-de-bambu","status":"publish","type":"product","link":"https:\/\/macronaturalsshop.com\/?product=infusion-de-bambu","title":{"rendered":"T\u00e9 Infusi\u00f3n de Bamb\u00fa"},"content":{"rendered":"<p>Estudios adicionales han mostrado que los brotes de bamb\u00fa son bajos en grasa y calor\u00edas, y son una buena fuente de fibra -una taza de brotes proporciona cerca de 2.5 gramos de fibra, los brotes de bamb\u00fa son tambi\u00e9n una buena fuente de potasio.<br \/>\nPotasio: El potasio contribuye al funcionamiento normal del sistema nervioso. El potasio contribuye al funcionamiento normal de los m\u00fasculos. El potasio contribuye al mantenimiento de la tensi\u00f3n arterial normal.<\/p>\n","protected":false},"excerpt":{"rendered":"<p>Infusi\u00f3n de bamb\u00fa es refrescante y al combinarse con la miel con prop\u00f3leo podr\u00e1 disfrutar de una deliciosa bebida.<\/p>\n","protected":false},"featured_media":5062,"comment_status":"open","ping_status":"closed","template":"","meta":[],"product_brand":[476],"product_cat":[436],"product_tag":[619,502,500,501,520,503],"class_list":{"0":"post-1842","1":"product","2":"type-product","3":"status-publish","4":"has-post-thumbnail","6":"product_brand-mana","7":"product_cat-te","8":"product_tag-bambu","9":"product_tag-heredia","10":"product_tag-macrobiotica","11":"product_tag-natural","12":"product_tag-natural-shop","13":"product_tag-san-pablo","15":"first","16":"instock","17":"shipping-taxable","18":"purchasable","19":"product-type-simple"},"jetpack_sharing_enabled":true,"_links":{"self":[{"href":"https:\/\/macronaturalsshop.com\/index.php?rest_route=\/wp\/v2\/product\/1842"}],"collection":[{"href":"https:\/\/macronaturalsshop.com\/index.php?rest_route=\/wp\/v2\/product"}],"about":[{"href":"https:\/\/macronaturalsshop.com\/index.php?rest_route=\/wp\/v2\/types\/product"}],"replies":[{"embeddable":true,"href":"https:\/\/macronaturalsshop.com\/index.php?rest_route=%2Fwp%2Fv2%2Fcomments&post=1842"}],"wp:featuredmedia":[{"embeddable":true,"href":"https:\/\/macronaturalsshop.com\/index.php?rest_route=\/wp\/v2\/media\/5062"}],"wp:attachment":[{"href":"https:\/\/macronaturalsshop.com\/index.php?rest_route=%2Fwp%2Fv2%2Fmedia&parent=1842"}],"wp:term":[{"taxonomy":"product_brand","embeddable":true,"href":"https:\/\/macronaturalsshop.com\/index.php?rest_route=%2Fwp%2Fv2%2Fproduct_brand&post=1842"},{"taxonomy":"product_cat","embeddable":true,"href":"https:\/\/macronaturalsshop.com\/index.php?rest_route=%2Fwp%2Fv2%2Fproduct_cat&post=1842"},{"taxonomy":"product_tag","embeddable":true,"href":"https:\/\/macronaturalsshop.com\/index.php?rest_route=%2Fwp%2Fv2%2Fproduct_tag&post=1842"}],"curies":[{"name":"wp","href":"https:\/\/api.w.org\/{rel}","templated":true}]}}