{"id":1843,"date":"2025-08-16T03:00:59","date_gmt":"2025-08-16T03:00:59","guid":{"rendered":"https:\/\/macronaturalsshop.com\/?post_type=product&#038;p=1843"},"modified":"2025-08-16T21:50:50","modified_gmt":"2025-08-16T21:50:50","slug":"omega-3-6-9","status":"publish","type":"product","link":"https:\/\/macronaturalsshop.com\/?product=omega-3-6-9","title":{"rendered":"Omega 3-6-9"},"content":{"rendered":"<p>Omega 3-6-9 aporta: \u00c1cido alfa linoleico (Omega 3): El \u00e1cido alfa-linol\u00e9nico contribuye a mantener niveles normales de colesterol sangu\u00edneo.<br \/>\n\u00c1cido linoleico (Omega 6): El \u00e1cido linoleico contribuye a mantener niveles normales de colesterol sangu\u00edneo.<br \/>\n\u00c1cido Oleico (Omega 9): Reemplazar las grasas saturadas en la dieta con grasas no saturadas contribuye al mantenimiento de los niveles normales de colesterol en la sangre. El \u00e1cido oleico es una grasa no saturada.<\/p>\n","protected":false},"excerpt":{"rendered":"<p>Los Omegas 3-6-9 son \u00e1cidos grasos esenciales. Contribuyen a mantener niveles normales de colesterol sangu\u00edneo y reemplazar las grasas saturadas en la dieta con grasas no saturadas.<\/p>\n","protected":false},"featured_media":5064,"comment_status":"open","ping_status":"closed","template":"","meta":[],"product_brand":[476],"product_cat":[395],"product_tag":[546,502,500,501,520,503],"class_list":{"0":"post-1843","1":"product","2":"type-product","3":"status-publish","4":"has-post-thumbnail","6":"product_brand-mana","7":"product_cat-trigliceridos","8":"product_tag-colesterol","9":"product_tag-heredia","10":"product_tag-macrobiotica","11":"product_tag-natural","12":"product_tag-natural-shop","13":"product_tag-san-pablo","15":"first","16":"instock","17":"shipping-taxable","18":"purchasable","19":"product-type-simple"},"jetpack_sharing_enabled":true,"_links":{"self":[{"href":"https:\/\/macronaturalsshop.com\/index.php?rest_route=\/wp\/v2\/product\/1843"}],"collection":[{"href":"https:\/\/macronaturalsshop.com\/index.php?rest_route=\/wp\/v2\/product"}],"about":[{"href":"https:\/\/macronaturalsshop.com\/index.php?rest_route=\/wp\/v2\/types\/product"}],"replies":[{"embeddable":true,"href":"https:\/\/macronaturalsshop.com\/index.php?rest_route=%2Fwp%2Fv2%2Fcomments&post=1843"}],"wp:featuredmedia":[{"embeddable":true,"href":"https:\/\/macronaturalsshop.com\/index.php?rest_route=\/wp\/v2\/media\/5064"}],"wp:attachment":[{"href":"https:\/\/macronaturalsshop.com\/index.php?rest_route=%2Fwp%2Fv2%2Fmedia&parent=1843"}],"wp:term":[{"taxonomy":"product_brand","embeddable":true,"href":"https:\/\/macronaturalsshop.com\/index.php?rest_route=%2Fwp%2Fv2%2Fproduct_brand&post=1843"},{"taxonomy":"product_cat","embeddable":true,"href":"https:\/\/macronaturalsshop.com\/index.php?rest_route=%2Fwp%2Fv2%2Fproduct_cat&post=1843"},{"taxonomy":"product_tag","embeddable":true,"href":"https:\/\/macronaturalsshop.com\/index.php?rest_route=%2Fwp%2Fv2%2Fproduct_tag&post=1843"}],"curies":[{"name":"wp","href":"https:\/\/api.w.org\/{rel}","templated":true}]}}