{"id":1844,"date":"2025-07-27T09:51:09","date_gmt":"2025-07-27T09:51:09","guid":{"rendered":"https:\/\/macronaturalsshop.com\/?post_type=product&#038;p=1844"},"modified":"2025-09-22T01:29:53","modified_gmt":"2025-09-22T01:29:53","slug":"omega-3-aceite-de-salmon","status":"publish","type":"product","link":"https:\/\/macronaturalsshop.com\/?product=omega-3-aceite-de-salmon","title":{"rendered":"Omega-3"},"content":{"rendered":"<p>Cuenta con DHA indispensable para el desarrollo del cerebro y la vista. Favorece la salud ocular.<br \/>\nPosee EPA, \u00e1cido graso que reduce la coagulaci\u00f3n de la sangre. Estimula la circulaci\u00f3n.<br \/>\nProtege el sistema inmunol\u00f3gico. El consumo diario de omega 3 contribuye a mantener los niveles normales de colesterol. Reduce los triglic\u00e9ridos. Ayuda a moderar ligeramente la presi\u00f3n arterial.<\/p>\n","protected":false},"excerpt":{"rendered":"<p>Ayuda a la prevenci\u00f3n de enfermedades cardiovasculares<\/p>\n","protected":false},"featured_media":1888,"comment_status":"open","ping_status":"closed","template":"","meta":[],"product_brand":[476],"product_cat":[395,448,393],"product_tag":[554,530,502,500,501,520,503,547,551],"class_list":{"0":"post-1844","1":"product","2":"type-product","3":"status-publish","4":"has-post-thumbnail","6":"product_brand-mana","7":"product_cat-trigliceridos","8":"product_cat-circulacion","9":"product_cat-energia","10":"product_tag-coagulacion","11":"product_tag-control-de-estres","12":"product_tag-heredia","13":"product_tag-macrobiotica","14":"product_tag-natural","15":"product_tag-natural-shop","16":"product_tag-san-pablo","17":"product_tag-trigliceridos","18":"product_tag-vista","20":"first","21":"instock","22":"shipping-taxable","23":"purchasable","24":"product-type-simple"},"jetpack_sharing_enabled":true,"_links":{"self":[{"href":"https:\/\/macronaturalsshop.com\/index.php?rest_route=\/wp\/v2\/product\/1844"}],"collection":[{"href":"https:\/\/macronaturalsshop.com\/index.php?rest_route=\/wp\/v2\/product"}],"about":[{"href":"https:\/\/macronaturalsshop.com\/index.php?rest_route=\/wp\/v2\/types\/product"}],"replies":[{"embeddable":true,"href":"https:\/\/macronaturalsshop.com\/index.php?rest_route=%2Fwp%2Fv2%2Fcomments&post=1844"}],"wp:featuredmedia":[{"embeddable":true,"href":"https:\/\/macronaturalsshop.com\/index.php?rest_route=\/wp\/v2\/media\/1888"}],"wp:attachment":[{"href":"https:\/\/macronaturalsshop.com\/index.php?rest_route=%2Fwp%2Fv2%2Fmedia&parent=1844"}],"wp:term":[{"taxonomy":"product_brand","embeddable":true,"href":"https:\/\/macronaturalsshop.com\/index.php?rest_route=%2Fwp%2Fv2%2Fproduct_brand&post=1844"},{"taxonomy":"product_cat","embeddable":true,"href":"https:\/\/macronaturalsshop.com\/index.php?rest_route=%2Fwp%2Fv2%2Fproduct_cat&post=1844"},{"taxonomy":"product_tag","embeddable":true,"href":"https:\/\/macronaturalsshop.com\/index.php?rest_route=%2Fwp%2Fv2%2Fproduct_tag&post=1844"}],"curies":[{"name":"wp","href":"https:\/\/api.w.org\/{rel}","templated":true}]}}