{"id":1845,"date":"2025-08-16T02:00:22","date_gmt":"2025-08-16T02:00:22","guid":{"rendered":"https:\/\/macronaturalsshop.com\/?post_type=product&#038;p=1845"},"modified":"2025-08-16T21:30:33","modified_gmt":"2025-08-16T21:30:33","slug":"maca-negra-ginseng","status":"publish","type":"product","link":"https:\/\/macronaturalsshop.com\/?product=maca-negra-ginseng","title":{"rendered":"Maca Negra + Ginseng"},"content":{"rendered":"<p>La tiamina contribuye al metabolismo energ\u00e9tico normal, al funcionamiento normal del sistema nervioso y a la funci\u00f3n psicol\u00f3gica normal.<br \/>\nEl zinc contribuye a la fertilidad y reproducci\u00f3n normales, al mantenimiento de niveles normales de testosterona y a la protecci\u00f3n de las c\u00e9lulas frente al da\u00f1o oxidativo.<br \/>\nLa vitamina B12 contribuye al metabolismo energ\u00e9tico normal, al funcionamiento normal del sistema nervioso y ayuda a disminuir el cansancio y la fatiga.<\/p>\n","protected":false},"excerpt":{"rendered":"<p>La Maca Negra aporta minerales como potasio, calcio, f\u00f3sforo y magnesio, tambi\u00e9n contiene antioxidantes(flavonoides), zinc, vitamina B1 y vitamina B12.<\/p>\n","protected":false},"featured_media":5060,"comment_status":"open","ping_status":"closed","template":"","meta":[],"product_brand":[476],"product_cat":[393],"product_tag":[560,502,500,501,520,503],"class_list":{"0":"post-1845","1":"product","2":"type-product","3":"status-publish","4":"has-post-thumbnail","6":"product_brand-mana","7":"product_cat-energia","8":"product_tag-energia","9":"product_tag-heredia","10":"product_tag-macrobiotica","11":"product_tag-natural","12":"product_tag-natural-shop","13":"product_tag-san-pablo","15":"first","16":"instock","17":"shipping-taxable","18":"purchasable","19":"product-type-simple"},"jetpack_sharing_enabled":true,"_links":{"self":[{"href":"https:\/\/macronaturalsshop.com\/index.php?rest_route=\/wp\/v2\/product\/1845"}],"collection":[{"href":"https:\/\/macronaturalsshop.com\/index.php?rest_route=\/wp\/v2\/product"}],"about":[{"href":"https:\/\/macronaturalsshop.com\/index.php?rest_route=\/wp\/v2\/types\/product"}],"replies":[{"embeddable":true,"href":"https:\/\/macronaturalsshop.com\/index.php?rest_route=%2Fwp%2Fv2%2Fcomments&post=1845"}],"wp:featuredmedia":[{"embeddable":true,"href":"https:\/\/macronaturalsshop.com\/index.php?rest_route=\/wp\/v2\/media\/5060"}],"wp:attachment":[{"href":"https:\/\/macronaturalsshop.com\/index.php?rest_route=%2Fwp%2Fv2%2Fmedia&parent=1845"}],"wp:term":[{"taxonomy":"product_brand","embeddable":true,"href":"https:\/\/macronaturalsshop.com\/index.php?rest_route=%2Fwp%2Fv2%2Fproduct_brand&post=1845"},{"taxonomy":"product_cat","embeddable":true,"href":"https:\/\/macronaturalsshop.com\/index.php?rest_route=%2Fwp%2Fv2%2Fproduct_cat&post=1845"},{"taxonomy":"product_tag","embeddable":true,"href":"https:\/\/macronaturalsshop.com\/index.php?rest_route=%2Fwp%2Fv2%2Fproduct_tag&post=1845"}],"curies":[{"name":"wp","href":"https:\/\/api.w.org\/{rel}","templated":true}]}}