{"id":1846,"date":"2025-08-12T02:54:09","date_gmt":"2025-08-12T02:54:09","guid":{"rendered":"https:\/\/macronaturalsshop.com\/?post_type=product&#038;p=1846"},"modified":"2025-08-12T21:54:57","modified_gmt":"2025-08-12T21:54:57","slug":"ultra-2000","status":"publish","type":"product","link":"https:\/\/macronaturalsshop.com\/?product=ultra-2000","title":{"rendered":"Ultra 2000"},"content":{"rendered":"<p>Proporciona todas las vitaminas y minerales esenciales para mantener al individuo saludable. Regulan el metabolismo y participan en los procesos que liberan energ\u00eda con la digesti\u00f3n.<br \/>\nLas vitaminas trabajan en conjunto con las enzimas para asegurar un buen funcionamiento de las actividades del cuerpo. Los minerales son necesarios para la formaci\u00f3n de huesos y sangre, el balance de l\u00edquidos en el cuerpo, la regulaci\u00f3n de la salud muscular y nerviosa, y ayudan a fortalecer el sistema inmunol\u00f3gico.<\/p>\n","protected":false},"excerpt":{"rendered":"<p>Proporciona vitaminas y minerales esenciales.<br \/>\nRegula el metabolismo.<br \/>\nFortalece el sistema inmunil\u00f3gico.<\/p>\n","protected":false},"featured_media":4961,"comment_status":"open","ping_status":"closed","template":"","meta":[],"product_brand":[454],"product_cat":[379,393,398],"product_tag":[502,500,595,501,520,503,568],"class_list":{"0":"post-1846","1":"product","2":"type-product","3":"status-publish","4":"has-post-thumbnail","6":"product_brand-alfa","7":"product_cat-sistema-inmunologico","8":"product_cat-energia","9":"product_cat-vit-y-min","10":"product_tag-heredia","11":"product_tag-macrobiotica","12":"product_tag-minerales","13":"product_tag-natural","14":"product_tag-natural-shop","15":"product_tag-san-pablo","16":"product_tag-vitaminas","18":"first","19":"instock","20":"shipping-taxable","21":"purchasable","22":"product-type-simple"},"jetpack_sharing_enabled":true,"_links":{"self":[{"href":"https:\/\/macronaturalsshop.com\/index.php?rest_route=\/wp\/v2\/product\/1846"}],"collection":[{"href":"https:\/\/macronaturalsshop.com\/index.php?rest_route=\/wp\/v2\/product"}],"about":[{"href":"https:\/\/macronaturalsshop.com\/index.php?rest_route=\/wp\/v2\/types\/product"}],"replies":[{"embeddable":true,"href":"https:\/\/macronaturalsshop.com\/index.php?rest_route=%2Fwp%2Fv2%2Fcomments&post=1846"}],"wp:featuredmedia":[{"embeddable":true,"href":"https:\/\/macronaturalsshop.com\/index.php?rest_route=\/wp\/v2\/media\/4961"}],"wp:attachment":[{"href":"https:\/\/macronaturalsshop.com\/index.php?rest_route=%2Fwp%2Fv2%2Fmedia&parent=1846"}],"wp:term":[{"taxonomy":"product_brand","embeddable":true,"href":"https:\/\/macronaturalsshop.com\/index.php?rest_route=%2Fwp%2Fv2%2Fproduct_brand&post=1846"},{"taxonomy":"product_cat","embeddable":true,"href":"https:\/\/macronaturalsshop.com\/index.php?rest_route=%2Fwp%2Fv2%2Fproduct_cat&post=1846"},{"taxonomy":"product_tag","embeddable":true,"href":"https:\/\/macronaturalsshop.com\/index.php?rest_route=%2Fwp%2Fv2%2Fproduct_tag&post=1846"}],"curies":[{"name":"wp","href":"https:\/\/api.w.org\/{rel}","templated":true}]}}