{"id":1847,"date":"2025-08-06T02:10:44","date_gmt":"2025-08-06T02:10:44","guid":{"rendered":"https:\/\/macronaturalsshop.com\/?post_type=product&#038;p=1847"},"modified":"2025-08-06T15:13:20","modified_gmt":"2025-08-06T15:13:20","slug":"vitamina-c","status":"publish","type":"product","link":"https:\/\/macronaturalsshop.com\/?product=vitamina-c","title":{"rendered":"Vitamina C 1000mg"},"content":{"rendered":"<p>La vitamina C o \u00e1cido asc\u00f3rbico, es una vitamina hidrosoluble, necesaria en el cuerpo para formar col\u00e1geno en los huesos, cart\u00edlagos, m\u00fasculos y vasos sangu\u00edneos. Es un potente antioxidante, que protegen a las c\u00e9lulas frente a la agresi\u00f3n de los radicales libres, fortaleciendo el sistema inmune, ayuda a formar neurotransmisores mejorando la depresi\u00f3n estacional, mejora la salud de la vista y previene las cataratas, evita la arterioesclerosis y ayuda a reducir el colesterol y es beneficiosa para tratar padecimientos de la piel, como psoriasis, eczema y quemaduras.<\/p>\n","protected":false},"excerpt":{"rendered":"<p>La Vitamina C es una vitamina hidrosoluble, necesaria en el cuerpo para formar col\u00e1geno en los huesos, cart\u00edlagos, m\u00fasculos y vasos sangu\u00edneos.<\/p>\n","protected":false},"featured_media":4930,"comment_status":"open","ping_status":"closed","template":"","meta":[],"product_brand":[454],"product_cat":[389,398],"product_tag":[571,559,502,500,501,520,503],"class_list":{"0":"post-1847","1":"product","2":"type-product","3":"status-publish","4":"has-post-thumbnail","6":"product_brand-alfa","7":"product_cat-colageno","8":"product_cat-vit-y-min","9":"product_tag-cartilagos","10":"product_tag-colageno","11":"product_tag-heredia","12":"product_tag-macrobiotica","13":"product_tag-natural","14":"product_tag-natural-shop","15":"product_tag-san-pablo","17":"first","18":"instock","19":"shipping-taxable","20":"purchasable","21":"product-type-simple"},"jetpack_sharing_enabled":true,"_links":{"self":[{"href":"https:\/\/macronaturalsshop.com\/index.php?rest_route=\/wp\/v2\/product\/1847"}],"collection":[{"href":"https:\/\/macronaturalsshop.com\/index.php?rest_route=\/wp\/v2\/product"}],"about":[{"href":"https:\/\/macronaturalsshop.com\/index.php?rest_route=\/wp\/v2\/types\/product"}],"replies":[{"embeddable":true,"href":"https:\/\/macronaturalsshop.com\/index.php?rest_route=%2Fwp%2Fv2%2Fcomments&post=1847"}],"wp:featuredmedia":[{"embeddable":true,"href":"https:\/\/macronaturalsshop.com\/index.php?rest_route=\/wp\/v2\/media\/4930"}],"wp:attachment":[{"href":"https:\/\/macronaturalsshop.com\/index.php?rest_route=%2Fwp%2Fv2%2Fmedia&parent=1847"}],"wp:term":[{"taxonomy":"product_brand","embeddable":true,"href":"https:\/\/macronaturalsshop.com\/index.php?rest_route=%2Fwp%2Fv2%2Fproduct_brand&post=1847"},{"taxonomy":"product_cat","embeddable":true,"href":"https:\/\/macronaturalsshop.com\/index.php?rest_route=%2Fwp%2Fv2%2Fproduct_cat&post=1847"},{"taxonomy":"product_tag","embeddable":true,"href":"https:\/\/macronaturalsshop.com\/index.php?rest_route=%2Fwp%2Fv2%2Fproduct_tag&post=1847"}],"curies":[{"name":"wp","href":"https:\/\/api.w.org\/{rel}","templated":true}]}}