{"id":1931,"date":"2025-08-10T10:05:39","date_gmt":"2025-08-10T10:05:39","guid":{"rendered":"https:\/\/macronaturalsshop.com\/?post_type=product&#038;p=1931"},"modified":"2025-08-11T01:59:14","modified_gmt":"2025-08-11T01:59:14","slug":"acidophilus-probiotic","status":"publish","type":"product","link":"https:\/\/macronaturalsshop.com\/?product=acidophilus-probiotic","title":{"rendered":"Acidophilus Probiotic"},"content":{"rendered":"<p>Las bacterias presentes en este producto son de tipo \u00e1cido l\u00e1cticas, las cuales sobreviven en el tracto gastrointestinal y al llegar al intestino tienen la propiedad de adherirse, colonizar las paredes y aumentar la acidez. Mediante este mecanismo rechazan a las bacterias pat\u00f3genas que tratan de implantarse all\u00ed, creando un ambiente \u00e1cido que favorece el equilibrio de la flora intestinal. Dentro de sus beneficios se encuentra; el fortalecimiento del sistema inmunol\u00f3gico, disminuci\u00f3n de los efectos de la diarrea e inflamaci\u00f3n del intestino, debido a que facilita la absorci\u00f3n de prote\u00ednas y carbohidratos brind\u00e1ndole al paciente efectos placenteros en su sistema digestivo. Es de gran utilidad para personas con tratamientos de antibi\u00f3ticos, en ancianos, en el embarazo, en trastornos intestinales, en tratamientos de quimioterapia y en casos de estr\u00e9s.<\/p>\n","protected":false},"excerpt":{"rendered":"<p>El porbiotico Lactobasilus Acidophilus es un suplemento de origen microbiano con efecto positivo sobre el organismo, ya que favorece el equilibrio de la flora intestinal<\/p>\n","protected":false},"featured_media":3402,"comment_status":"open","ping_status":"closed","template":"","meta":[],"product_brand":[454],"product_cat":[396],"product_tag":[541,580,502,500,501,520,503],"class_list":{"0":"post-1931","1":"product","2":"type-product","3":"status-publish","4":"has-post-thumbnail","6":"product_brand-alfa","7":"product_cat-sistema-digestivo","8":"product_tag-digestion","9":"product_tag-flora-intestinal","10":"product_tag-heredia","11":"product_tag-macrobiotica","12":"product_tag-natural","13":"product_tag-natural-shop","14":"product_tag-san-pablo","16":"first","17":"instock","18":"shipping-taxable","19":"purchasable","20":"product-type-simple"},"jetpack_sharing_enabled":true,"_links":{"self":[{"href":"https:\/\/macronaturalsshop.com\/index.php?rest_route=\/wp\/v2\/product\/1931"}],"collection":[{"href":"https:\/\/macronaturalsshop.com\/index.php?rest_route=\/wp\/v2\/product"}],"about":[{"href":"https:\/\/macronaturalsshop.com\/index.php?rest_route=\/wp\/v2\/types\/product"}],"replies":[{"embeddable":true,"href":"https:\/\/macronaturalsshop.com\/index.php?rest_route=%2Fwp%2Fv2%2Fcomments&post=1931"}],"wp:featuredmedia":[{"embeddable":true,"href":"https:\/\/macronaturalsshop.com\/index.php?rest_route=\/wp\/v2\/media\/3402"}],"wp:attachment":[{"href":"https:\/\/macronaturalsshop.com\/index.php?rest_route=%2Fwp%2Fv2%2Fmedia&parent=1931"}],"wp:term":[{"taxonomy":"product_brand","embeddable":true,"href":"https:\/\/macronaturalsshop.com\/index.php?rest_route=%2Fwp%2Fv2%2Fproduct_brand&post=1931"},{"taxonomy":"product_cat","embeddable":true,"href":"https:\/\/macronaturalsshop.com\/index.php?rest_route=%2Fwp%2Fv2%2Fproduct_cat&post=1931"},{"taxonomy":"product_tag","embeddable":true,"href":"https:\/\/macronaturalsshop.com\/index.php?rest_route=%2Fwp%2Fv2%2Fproduct_tag&post=1931"}],"curies":[{"name":"wp","href":"https:\/\/api.w.org\/{rel}","templated":true}]}}