{"id":1956,"date":"2025-08-10T11:15:21","date_gmt":"2025-08-10T11:15:21","guid":{"rendered":"https:\/\/macronaturalsshop.com\/?post_type=product&#038;p=1956"},"modified":"2025-08-11T04:15:10","modified_gmt":"2025-08-11T04:15:10","slug":"calcio-magnesio-zinc","status":"publish","type":"product","link":"https:\/\/macronaturalsshop.com\/?product=calcio-magnesio-zinc","title":{"rendered":"Calcio+Magnesio+Zinc + Vit D"},"content":{"rendered":"<p>Es fundamental para la fijaci\u00f3n del calcio en el organismo. El calcio es necesario para el desarrollo y fortalecimiento de los huesos y para una buena coagulaci\u00f3n de la sangre, de igual manera interviene en el movimiento muscular y en los impulsos nerviosos. El magnesio es necesario para la producci\u00f3n de energ\u00eda en el cuerpo, evita la calcificaci\u00f3n de los tejidos blandos, ayuda en la formaci\u00f3n de hueso y el metabolismo de los minerales y carbohidratos y favorece la absorci\u00f3n del calcio y el potasio.<br \/>\nEl zinc interviene en el funcionamiento de la pr\u00f3stata y el desarrollo de los \u00f3rganos reproductivos. Regula la actividad de las gl\u00e1ndulas seb\u00e1ceas y es necesario para la formaci\u00f3n del col\u00e1geno, as\u00ed como para la s\u00edntesis de prote\u00ednas. Este suplemento ayuda a fortalecer el sistema inmunol\u00f3gico, apoya la salud de los huesos y la producci\u00f3n de energ\u00eda y genera una mejor absorci\u00f3n de vitamina A y E.<\/p>\n","protected":false},"excerpt":{"rendered":"<p>Magnesio y Zinc con Vitamina D, la cual es fundamental para la fijaci\u00f3n del calcio en el organismo. El calcio es necesario para el desarrollo y fortalecimiento de los huesos y para una buena coagulaci\u00f3n de la sangre, de igual manera interviene en el movimiento muscular y en los impulsos nerviosos<br \/>\n&#8211; Ayuda en el fortalecimiento del sistema inmunol\u00f3gico<br \/>\n&#8211; Fortalecimiento de los huesos y producci\u00f3n de energ\u00eda<br \/>\n&#8211; Fortalece la salud de piel y cabello<\/p>\n","protected":false},"featured_media":2650,"comment_status":"open","ping_status":"closed","template":"","meta":[],"product_brand":[454],"product_cat":[386,379,398],"product_tag":[502,500,501,520,503],"class_list":{"0":"post-1956","1":"product","2":"type-product","3":"status-publish","4":"has-post-thumbnail","6":"product_brand-alfa","7":"product_cat-magnesio","8":"product_cat-sistema-inmunologico","9":"product_cat-vit-y-min","10":"product_tag-heredia","11":"product_tag-macrobiotica","12":"product_tag-natural","13":"product_tag-natural-shop","14":"product_tag-san-pablo","16":"first","17":"instock","18":"shipping-taxable","19":"purchasable","20":"product-type-simple"},"jetpack_sharing_enabled":true,"_links":{"self":[{"href":"https:\/\/macronaturalsshop.com\/index.php?rest_route=\/wp\/v2\/product\/1956"}],"collection":[{"href":"https:\/\/macronaturalsshop.com\/index.php?rest_route=\/wp\/v2\/product"}],"about":[{"href":"https:\/\/macronaturalsshop.com\/index.php?rest_route=\/wp\/v2\/types\/product"}],"replies":[{"embeddable":true,"href":"https:\/\/macronaturalsshop.com\/index.php?rest_route=%2Fwp%2Fv2%2Fcomments&post=1956"}],"wp:featuredmedia":[{"embeddable":true,"href":"https:\/\/macronaturalsshop.com\/index.php?rest_route=\/wp\/v2\/media\/2650"}],"wp:attachment":[{"href":"https:\/\/macronaturalsshop.com\/index.php?rest_route=%2Fwp%2Fv2%2Fmedia&parent=1956"}],"wp:term":[{"taxonomy":"product_brand","embeddable":true,"href":"https:\/\/macronaturalsshop.com\/index.php?rest_route=%2Fwp%2Fv2%2Fproduct_brand&post=1956"},{"taxonomy":"product_cat","embeddable":true,"href":"https:\/\/macronaturalsshop.com\/index.php?rest_route=%2Fwp%2Fv2%2Fproduct_cat&post=1956"},{"taxonomy":"product_tag","embeddable":true,"href":"https:\/\/macronaturalsshop.com\/index.php?rest_route=%2Fwp%2Fv2%2Fproduct_tag&post=1956"}],"curies":[{"name":"wp","href":"https:\/\/api.w.org\/{rel}","templated":true}]}}