{"id":1962,"date":"2025-08-29T07:05:39","date_gmt":"2025-08-29T07:05:39","guid":{"rendered":"https:\/\/macronaturalsshop.com\/?post_type=product&#038;p=1962"},"modified":"2025-08-29T23:53:05","modified_gmt":"2025-08-29T23:53:05","slug":"cascara-sagrada","status":"publish","type":"product","link":"https:\/\/macronaturalsshop.com\/?product=cascara-sagrada","title":{"rendered":"Cascara Sagrada 500mg"},"content":{"rendered":"<h5>La c\u00e1scara sagrada<\/h5>\n<p>Es una planta medicinal, a la cual se le adjudican propiedades medicinales hepatoprotectoras y para el intestino perezoso pero no es recomendable utilizarla de forma permanente. Tiene la capacidad de aumentar la contracci\u00f3n muscular del intestino grueso, se utiliza para reducir los c\u00f3licos y las flatulencias.<\/p>\n<p>El suplemento de c\u00e1scara sagrada es un potente laxante, el cual no debe ser utilizado por m\u00e1s de 7 d\u00edas ya que podr\u00eda presentar efectos indeseables en el consumidor, como diarrea y v\u00f3mito. Est\u00e1 contraindicado su uso en embarazo, lactancia, insuficiencia card\u00edaca, ni\u00f1os menores de 12 a\u00f1os, insuficiencia renal, enfermedad de Crohn, diverticulitis y obstrucci\u00f3n intestinal.<\/p>\n","protected":false},"excerpt":{"rendered":"<p>El suplemento de c\u00e1scara sagrada es un potente laxante.<\/p>\n","protected":false},"featured_media":3825,"comment_status":"open","ping_status":"closed","template":"","meta":[],"product_brand":[454],"product_cat":[396],"product_tag":[502,639,500,501,520,503],"class_list":{"0":"post-1962","1":"product","2":"type-product","3":"status-publish","4":"has-post-thumbnail","6":"product_brand-alfa","7":"product_cat-sistema-digestivo","8":"product_tag-heredia","9":"product_tag-laxante","10":"product_tag-macrobiotica","11":"product_tag-natural","12":"product_tag-natural-shop","13":"product_tag-san-pablo","15":"first","16":"instock","17":"shipping-taxable","18":"purchasable","19":"product-type-simple"},"jetpack_sharing_enabled":true,"_links":{"self":[{"href":"https:\/\/macronaturalsshop.com\/index.php?rest_route=\/wp\/v2\/product\/1962"}],"collection":[{"href":"https:\/\/macronaturalsshop.com\/index.php?rest_route=\/wp\/v2\/product"}],"about":[{"href":"https:\/\/macronaturalsshop.com\/index.php?rest_route=\/wp\/v2\/types\/product"}],"replies":[{"embeddable":true,"href":"https:\/\/macronaturalsshop.com\/index.php?rest_route=%2Fwp%2Fv2%2Fcomments&post=1962"}],"wp:featuredmedia":[{"embeddable":true,"href":"https:\/\/macronaturalsshop.com\/index.php?rest_route=\/wp\/v2\/media\/3825"}],"wp:attachment":[{"href":"https:\/\/macronaturalsshop.com\/index.php?rest_route=%2Fwp%2Fv2%2Fmedia&parent=1962"}],"wp:term":[{"taxonomy":"product_brand","embeddable":true,"href":"https:\/\/macronaturalsshop.com\/index.php?rest_route=%2Fwp%2Fv2%2Fproduct_brand&post=1962"},{"taxonomy":"product_cat","embeddable":true,"href":"https:\/\/macronaturalsshop.com\/index.php?rest_route=%2Fwp%2Fv2%2Fproduct_cat&post=1962"},{"taxonomy":"product_tag","embeddable":true,"href":"https:\/\/macronaturalsshop.com\/index.php?rest_route=%2Fwp%2Fv2%2Fproduct_tag&post=1962"}],"curies":[{"name":"wp","href":"https:\/\/api.w.org\/{rel}","templated":true}]}}