{"id":1964,"date":"2025-08-29T07:10:05","date_gmt":"2025-08-29T07:10:05","guid":{"rendered":"https:\/\/macronaturalsshop.com\/?post_type=product&#038;p=1964"},"modified":"2025-08-29T23:57:27","modified_gmt":"2025-08-29T23:57:27","slug":"picolinatio-de-cromo","status":"publish","type":"product","link":"https:\/\/macronaturalsshop.com\/?product=picolinatio-de-cromo","title":{"rendered":"Chromiun Picolinate 400mg"},"content":{"rendered":"<p>El picolinato de cromo es un compuesto qu\u00edmico que se utiliza como suplemento nutricional para controlar el az\u00facar en la sangre en personas con diabetes o prediabetes, para bajar el colesterol y promover la p\u00e9rdida de peso, debido a que el cromo es un cofactor esencial que trabaja junto con la hormona insulina para regular el metabolismo de prote\u00ednas, grasas y carbohidratos.<\/p>\n","protected":false},"excerpt":{"rendered":"<p>Regulaci\u00f3n de los niveles de glucosa sangu\u00ednea.<br \/>\nReducci\u00f3n de la formaci\u00f3n de grasas.<br \/>\nControl del apetito.<\/p>\n","protected":false},"featured_media":3826,"comment_status":"open","ping_status":"closed","template":"","meta":[],"product_brand":[454],"product_cat":[448],"product_tag":[605,502,500,501,520,503],"class_list":{"0":"post-1964","1":"product","2":"type-product","3":"status-publish","4":"has-post-thumbnail","6":"product_brand-alfa","7":"product_cat-circulacion","8":"product_tag-azucar-en-la-sangre","9":"product_tag-heredia","10":"product_tag-macrobiotica","11":"product_tag-natural","12":"product_tag-natural-shop","13":"product_tag-san-pablo","15":"first","16":"instock","17":"shipping-taxable","18":"purchasable","19":"product-type-simple"},"jetpack_sharing_enabled":true,"_links":{"self":[{"href":"https:\/\/macronaturalsshop.com\/index.php?rest_route=\/wp\/v2\/product\/1964"}],"collection":[{"href":"https:\/\/macronaturalsshop.com\/index.php?rest_route=\/wp\/v2\/product"}],"about":[{"href":"https:\/\/macronaturalsshop.com\/index.php?rest_route=\/wp\/v2\/types\/product"}],"replies":[{"embeddable":true,"href":"https:\/\/macronaturalsshop.com\/index.php?rest_route=%2Fwp%2Fv2%2Fcomments&post=1964"}],"wp:featuredmedia":[{"embeddable":true,"href":"https:\/\/macronaturalsshop.com\/index.php?rest_route=\/wp\/v2\/media\/3826"}],"wp:attachment":[{"href":"https:\/\/macronaturalsshop.com\/index.php?rest_route=%2Fwp%2Fv2%2Fmedia&parent=1964"}],"wp:term":[{"taxonomy":"product_brand","embeddable":true,"href":"https:\/\/macronaturalsshop.com\/index.php?rest_route=%2Fwp%2Fv2%2Fproduct_brand&post=1964"},{"taxonomy":"product_cat","embeddable":true,"href":"https:\/\/macronaturalsshop.com\/index.php?rest_route=%2Fwp%2Fv2%2Fproduct_cat&post=1964"},{"taxonomy":"product_tag","embeddable":true,"href":"https:\/\/macronaturalsshop.com\/index.php?rest_route=%2Fwp%2Fv2%2Fproduct_tag&post=1964"}],"curies":[{"name":"wp","href":"https:\/\/api.w.org\/{rel}","templated":true}]}}