{"id":1966,"date":"2025-08-29T07:20:01","date_gmt":"2025-08-29T07:20:01","guid":{"rendered":"https:\/\/macronaturalsshop.com\/?post_type=product&#038;p=1966"},"modified":"2025-08-30T00:01:57","modified_gmt":"2025-08-30T00:01:57","slug":"colcleanser","status":"publish","type":"product","link":"https:\/\/macronaturalsshop.com\/?product=colcleanser","title":{"rendered":"Colcleanser"},"content":{"rendered":"<p>Ayuda a eliminar los residuos y el exceso de toxinas acumuladas en el colon, las cuales podr\u00edan ocasionar diversas enfermedades, disminuye la constipaci\u00f3n ocasional y promueve una buena digesti\u00f3n. Contiene fibra, la cual estimula el movimiento intestinal, fortalece el sistema inmune y provee un efecto analg\u00e9sico y antiinflamatorio.<\/p>\n","protected":false},"excerpt":{"rendered":"<p>El colon cleanser es un limpiador de colon, su suplemento diet\u00e9tico formulado a partir de diversas hierbas; c\u00e1scara sagrada, senna, y extracto de hojas de papaya.<\/p>\n","protected":false},"featured_media":2659,"comment_status":"open","ping_status":"closed","template":"","meta":[],"product_brand":[454],"product_cat":[430,396],"product_tag":[623,502,500,501,520,503],"class_list":{"0":"post-1966","1":"product","2":"type-product","3":"status-publish","4":"has-post-thumbnail","6":"product_brand-alfa","7":"product_cat-antinflamatorio-y-dolores","8":"product_cat-sistema-digestivo","9":"product_tag-colitis","10":"product_tag-heredia","11":"product_tag-macrobiotica","12":"product_tag-natural","13":"product_tag-natural-shop","14":"product_tag-san-pablo","16":"first","17":"instock","18":"shipping-taxable","19":"purchasable","20":"product-type-simple"},"jetpack_sharing_enabled":true,"_links":{"self":[{"href":"https:\/\/macronaturalsshop.com\/index.php?rest_route=\/wp\/v2\/product\/1966"}],"collection":[{"href":"https:\/\/macronaturalsshop.com\/index.php?rest_route=\/wp\/v2\/product"}],"about":[{"href":"https:\/\/macronaturalsshop.com\/index.php?rest_route=\/wp\/v2\/types\/product"}],"replies":[{"embeddable":true,"href":"https:\/\/macronaturalsshop.com\/index.php?rest_route=%2Fwp%2Fv2%2Fcomments&post=1966"}],"wp:featuredmedia":[{"embeddable":true,"href":"https:\/\/macronaturalsshop.com\/index.php?rest_route=\/wp\/v2\/media\/2659"}],"wp:attachment":[{"href":"https:\/\/macronaturalsshop.com\/index.php?rest_route=%2Fwp%2Fv2%2Fmedia&parent=1966"}],"wp:term":[{"taxonomy":"product_brand","embeddable":true,"href":"https:\/\/macronaturalsshop.com\/index.php?rest_route=%2Fwp%2Fv2%2Fproduct_brand&post=1966"},{"taxonomy":"product_cat","embeddable":true,"href":"https:\/\/macronaturalsshop.com\/index.php?rest_route=%2Fwp%2Fv2%2Fproduct_cat&post=1966"},{"taxonomy":"product_tag","embeddable":true,"href":"https:\/\/macronaturalsshop.com\/index.php?rest_route=%2Fwp%2Fv2%2Fproduct_tag&post=1966"}],"curies":[{"name":"wp","href":"https:\/\/api.w.org\/{rel}","templated":true}]}}