{"id":1995,"date":"2025-08-29T07:35:06","date_gmt":"2025-08-29T07:35:06","guid":{"rendered":"https:\/\/macronaturalsshop.com\/?post_type=product&#038;p=1995"},"modified":"2025-08-30T00:11:51","modified_gmt":"2025-08-30T00:11:51","slug":"garlic-odorless","status":"publish","type":"product","link":"https:\/\/macronaturalsshop.com\/?product=garlic-odorless","title":{"rendered":"Garlic Odorless 2000mg"},"content":{"rendered":"<p><span>El ajo es una fuente de vitaminas E, C y de minerales como el selenio, potasio y zinc. Es utilizado por sus propiedades antioxidantes, as\u00ed como para apoyar la salud cardiovascular, reducir los niveles de colesterol en la sangre, mejorar la circulaci\u00f3n, fortalecer el sistema inmunol\u00f3gico, excelente descongestionante y un buen antibi\u00f3tico natural para tratar problemas pulmonares, regenerador de la piel y mejora la digesti\u00f3n.<\/span><\/p>\n<p><span>La f\u00f3rmula del producto est\u00e1 dise\u00f1ada con un m\u00e9todo de procesamiento en fr\u00edo, que preserva las cualidades naturales del ajo, reduciendo su fuerte olor.<\/span><\/p>\n","protected":false},"excerpt":{"rendered":"<p>La f\u00f3rmula del producto est\u00e1 dise\u00f1ada con un m\u00e9todo de procesamiento en fr\u00edo, que preserva las cualidades naturales del ajo, reduciendo su fuerte olor. Es utilizado por sus propiedades antioxidantes, as\u00ed como para apoyar la salud cardiovascular, reducir los niveles de colesterol en la sangre, mejorar la circulaci\u00f3n, fortalecer el sistema inmunol\u00f3gico, excelente descongestionante y un buen antibi\u00f3tico natural para tratar problemas pulmonares, regenerador de la piel y mejora la digesti\u00f3n.<\/p>\n","protected":false},"featured_media":3437,"comment_status":"open","ping_status":"closed","template":"","meta":[],"product_brand":[454],"product_cat":[395,396,379,398],"product_tag":[564,546,502,500,501,520,503],"class_list":{"0":"post-1995","1":"product","2":"type-product","3":"status-publish","4":"has-post-thumbnail","6":"product_brand-alfa","7":"product_cat-trigliceridos","8":"product_cat-sistema-digestivo","9":"product_cat-sistema-inmunologico","10":"product_cat-vit-y-min","11":"product_tag-antioxidante","12":"product_tag-colesterol","13":"product_tag-heredia","14":"product_tag-macrobiotica","15":"product_tag-natural","16":"product_tag-natural-shop","17":"product_tag-san-pablo","19":"first","20":"instock","21":"shipping-taxable","22":"purchasable","23":"product-type-simple"},"jetpack_sharing_enabled":true,"_links":{"self":[{"href":"https:\/\/macronaturalsshop.com\/index.php?rest_route=\/wp\/v2\/product\/1995"}],"collection":[{"href":"https:\/\/macronaturalsshop.com\/index.php?rest_route=\/wp\/v2\/product"}],"about":[{"href":"https:\/\/macronaturalsshop.com\/index.php?rest_route=\/wp\/v2\/types\/product"}],"replies":[{"embeddable":true,"href":"https:\/\/macronaturalsshop.com\/index.php?rest_route=%2Fwp%2Fv2%2Fcomments&post=1995"}],"wp:featuredmedia":[{"embeddable":true,"href":"https:\/\/macronaturalsshop.com\/index.php?rest_route=\/wp\/v2\/media\/3437"}],"wp:attachment":[{"href":"https:\/\/macronaturalsshop.com\/index.php?rest_route=%2Fwp%2Fv2%2Fmedia&parent=1995"}],"wp:term":[{"taxonomy":"product_brand","embeddable":true,"href":"https:\/\/macronaturalsshop.com\/index.php?rest_route=%2Fwp%2Fv2%2Fproduct_brand&post=1995"},{"taxonomy":"product_cat","embeddable":true,"href":"https:\/\/macronaturalsshop.com\/index.php?rest_route=%2Fwp%2Fv2%2Fproduct_cat&post=1995"},{"taxonomy":"product_tag","embeddable":true,"href":"https:\/\/macronaturalsshop.com\/index.php?rest_route=%2Fwp%2Fv2%2Fproduct_tag&post=1995"}],"curies":[{"name":"wp","href":"https:\/\/api.w.org\/{rel}","templated":true}]}}