{"id":2017,"date":"2025-08-29T08:00:17","date_gmt":"2025-08-29T08:00:17","guid":{"rendered":"https:\/\/macronaturalsshop.com\/?post_type=product&#038;p=2017"},"modified":"2025-08-30T01:39:20","modified_gmt":"2025-08-30T01:39:20","slug":"hair-skin-nails","status":"publish","type":"product","link":"https:\/\/macronaturalsshop.com\/?product=hair-skin-nails","title":{"rendered":"Hair, Skin &#038; Nails"},"content":{"rendered":"<p>F\u00f3rmula basada en vitaminas y minerales esenciales para la salud del cabello, piel y u\u00f1as, as\u00ed como el sistema nervioso y la vitalidad de las c\u00e9lulas en general. Cuenta con vitamina A, necesaria para el buen estado de la piel y para ayudar a su recuperaci\u00f3n de enfermedades y lesiones.<\/p>\n<p>El complejo de vitamina B, es importante para el buen funcionamiento del sistema nervioso y, en particular, la biotina por su funci\u00f3n en la piel fina y el cabello. El \u00e1cido f\u00f3lico involucrado en la regeneraci\u00f3n de las c\u00e9lulas y la producci\u00f3n de energ\u00eda, y la lecitina es necesaria para la funci\u00f3n normal en la membrana celular.<\/p>\n","protected":false},"excerpt":{"rendered":"<p>Aporta vitaminas y minerales esenciales para un cabello, piel<br \/>\nEl \u00e1cido f\u00f3lico involucrado en la regeneraci\u00f3n de las c\u00e9lulas y la producci\u00f3n de energ\u00eda y la lecitina es necesaria para la funci\u00f3n normal en la membrana celular.<\/p>\n","protected":false},"featured_media":3840,"comment_status":"open","ping_status":"closed","template":"","meta":[],"product_brand":[454],"product_cat":[398],"product_tag":[502,500,501,520,503,568],"class_list":{"0":"post-2017","1":"product","2":"type-product","3":"status-publish","4":"has-post-thumbnail","6":"product_brand-alfa","7":"product_cat-vit-y-min","8":"product_tag-heredia","9":"product_tag-macrobiotica","10":"product_tag-natural","11":"product_tag-natural-shop","12":"product_tag-san-pablo","13":"product_tag-vitaminas","15":"first","16":"instock","17":"shipping-taxable","18":"purchasable","19":"product-type-simple"},"jetpack_sharing_enabled":true,"_links":{"self":[{"href":"https:\/\/macronaturalsshop.com\/index.php?rest_route=\/wp\/v2\/product\/2017"}],"collection":[{"href":"https:\/\/macronaturalsshop.com\/index.php?rest_route=\/wp\/v2\/product"}],"about":[{"href":"https:\/\/macronaturalsshop.com\/index.php?rest_route=\/wp\/v2\/types\/product"}],"replies":[{"embeddable":true,"href":"https:\/\/macronaturalsshop.com\/index.php?rest_route=%2Fwp%2Fv2%2Fcomments&post=2017"}],"wp:featuredmedia":[{"embeddable":true,"href":"https:\/\/macronaturalsshop.com\/index.php?rest_route=\/wp\/v2\/media\/3840"}],"wp:attachment":[{"href":"https:\/\/macronaturalsshop.com\/index.php?rest_route=%2Fwp%2Fv2%2Fmedia&parent=2017"}],"wp:term":[{"taxonomy":"product_brand","embeddable":true,"href":"https:\/\/macronaturalsshop.com\/index.php?rest_route=%2Fwp%2Fv2%2Fproduct_brand&post=2017"},{"taxonomy":"product_cat","embeddable":true,"href":"https:\/\/macronaturalsshop.com\/index.php?rest_route=%2Fwp%2Fv2%2Fproduct_cat&post=2017"},{"taxonomy":"product_tag","embeddable":true,"href":"https:\/\/macronaturalsshop.com\/index.php?rest_route=%2Fwp%2Fv2%2Fproduct_tag&post=2017"}],"curies":[{"name":"wp","href":"https:\/\/api.w.org\/{rel}","templated":true}]}}