{"id":2023,"date":"2025-08-29T08:05:21","date_gmt":"2025-08-29T08:05:21","guid":{"rendered":"https:\/\/macronaturalsshop.com\/?post_type=product&#038;p=2023"},"modified":"2025-08-30T01:41:33","modified_gmt":"2025-08-30T01:41:33","slug":"kelp","status":"publish","type":"product","link":"https:\/\/macronaturalsshop.com\/?product=kelp","title":{"rendered":"Kelp 600mg"},"content":{"rendered":"<p>Kelp contiene aproximadamente 30 minerales, siendo una fuente rica en yodo, calcio, sulfuro y silicio. Adem\u00e1s podemos encontrar otros minerales como el f\u00f3sforo, hierro, sodio, potasio, magnesio, cloro, cobre, zinc, manganeso, boro, entre otros. Dichos elementos son esenciales para el cuerpo, ya que forman parte de los huesos, dientes, m\u00fasculos, sangre, tejidos blandos y c\u00e9lulas nerviosas, adem\u00e1s act\u00faan como catalizadores de muchas reacciones del cuerpo, son importantes para la producci\u00f3n de hormonas. El yodo regula la gl\u00e1ndula tiroidea y el calcio ayuda a tener huesos fuertes, la fibra, es ideal para combatir el estre\u00f1imiento y mantener un cuerpo libre de toxinas y sustancias nocivas.<\/p>\n","protected":false},"excerpt":{"rendered":"<p>El suplemento Kelp basado en el efecto combinado de los minerales, vitaminas y amino\u00e1cidos, se ha demostrado que tiene efectos muy positivos en diversos trastornos metab\u00f3licos como la artritis, el reumatismo, los calambres, las depresiones, la fatiga, la alopecia (p\u00e9rdida de cabello), la anemia y la psoriasis. Adem\u00e1s tiene un potente efecto diur\u00e9tico, reduce la inflamaci\u00f3n, regula en funcionamiento de la tiroides y limpian las arterias.<\/p>\n","protected":false},"featured_media":2689,"comment_status":"open","ping_status":"closed","template":"","meta":[],"product_brand":[454],"product_cat":[398],"product_tag":[502,500,501,520,503,568],"class_list":{"0":"post-2023","1":"product","2":"type-product","3":"status-publish","4":"has-post-thumbnail","6":"product_brand-alfa","7":"product_cat-vit-y-min","8":"product_tag-heredia","9":"product_tag-macrobiotica","10":"product_tag-natural","11":"product_tag-natural-shop","12":"product_tag-san-pablo","13":"product_tag-vitaminas","15":"first","16":"instock","17":"shipping-taxable","18":"purchasable","19":"product-type-simple"},"jetpack_sharing_enabled":true,"_links":{"self":[{"href":"https:\/\/macronaturalsshop.com\/index.php?rest_route=\/wp\/v2\/product\/2023"}],"collection":[{"href":"https:\/\/macronaturalsshop.com\/index.php?rest_route=\/wp\/v2\/product"}],"about":[{"href":"https:\/\/macronaturalsshop.com\/index.php?rest_route=\/wp\/v2\/types\/product"}],"replies":[{"embeddable":true,"href":"https:\/\/macronaturalsshop.com\/index.php?rest_route=%2Fwp%2Fv2%2Fcomments&post=2023"}],"wp:featuredmedia":[{"embeddable":true,"href":"https:\/\/macronaturalsshop.com\/index.php?rest_route=\/wp\/v2\/media\/2689"}],"wp:attachment":[{"href":"https:\/\/macronaturalsshop.com\/index.php?rest_route=%2Fwp%2Fv2%2Fmedia&parent=2023"}],"wp:term":[{"taxonomy":"product_brand","embeddable":true,"href":"https:\/\/macronaturalsshop.com\/index.php?rest_route=%2Fwp%2Fv2%2Fproduct_brand&post=2023"},{"taxonomy":"product_cat","embeddable":true,"href":"https:\/\/macronaturalsshop.com\/index.php?rest_route=%2Fwp%2Fv2%2Fproduct_cat&post=2023"},{"taxonomy":"product_tag","embeddable":true,"href":"https:\/\/macronaturalsshop.com\/index.php?rest_route=%2Fwp%2Fv2%2Fproduct_tag&post=2023"}],"curies":[{"name":"wp","href":"https:\/\/api.w.org\/{rel}","templated":true}]}}