{"id":2027,"date":"2025-08-11T05:10:32","date_gmt":"2025-08-11T05:10:32","guid":{"rendered":"https:\/\/macronaturalsshop.com\/?post_type=product&#038;p=2027"},"modified":"2025-08-12T02:27:47","modified_gmt":"2025-08-12T02:27:47","slug":"magnesio-gluconato","status":"publish","type":"product","link":"https:\/\/macronaturalsshop.com\/?product=magnesio-gluconato","title":{"rendered":"Magnesio Gluconate 550mg"},"content":{"rendered":"<p>Es un suplemento nutricional dise\u00f1ado para proporcionar a los consumidores un mineral esencial, el magnesio, que tiene numerosos beneficios que mejoran la salud, entre los que se encuentran; aumento de los niveles de energ\u00eda y mejor absorci\u00f3n de otros nutrientes, como el calcio, el cual es esencial para tener huesos y dientes sanos.<br \/>\nSe utiliza en el tratamiento de la deficiencia de magnesio cr\u00f3nica o asintom\u00e1tica, cuadros de disminuci\u00f3n del rendimiento neuromuscular (calambres), prevenci\u00f3n de problemas card\u00edacos y espasmos de arterias coronarias, as\u00ed como arritmias.<\/p>\n","protected":false},"excerpt":{"rendered":"<p>Se utiliza en el tratamiento de la deficiencia de magnesio cr\u00f3nica o asintom\u00e1tica, cuadros de disminuci\u00f3n del rendimiento neuromuscular (calambres), prevenci\u00f3n de problemas card\u00edacos y espasmos de arterias coronarias, as\u00ed como arritmias.<\/p>\n","protected":false},"featured_media":3847,"comment_status":"open","ping_status":"closed","template":"","meta":[],"product_brand":[454],"product_cat":[386],"product_tag":[583,502,500,501,520,503],"class_list":{"0":"post-2027","1":"product","2":"type-product","3":"status-publish","4":"has-post-thumbnail","6":"product_brand-alfa","7":"product_cat-magnesio","8":"product_tag-cardiovascular","9":"product_tag-heredia","10":"product_tag-macrobiotica","11":"product_tag-natural","12":"product_tag-natural-shop","13":"product_tag-san-pablo","15":"first","16":"instock","17":"shipping-taxable","18":"purchasable","19":"product-type-simple"},"jetpack_sharing_enabled":true,"_links":{"self":[{"href":"https:\/\/macronaturalsshop.com\/index.php?rest_route=\/wp\/v2\/product\/2027"}],"collection":[{"href":"https:\/\/macronaturalsshop.com\/index.php?rest_route=\/wp\/v2\/product"}],"about":[{"href":"https:\/\/macronaturalsshop.com\/index.php?rest_route=\/wp\/v2\/types\/product"}],"replies":[{"embeddable":true,"href":"https:\/\/macronaturalsshop.com\/index.php?rest_route=%2Fwp%2Fv2%2Fcomments&post=2027"}],"wp:featuredmedia":[{"embeddable":true,"href":"https:\/\/macronaturalsshop.com\/index.php?rest_route=\/wp\/v2\/media\/3847"}],"wp:attachment":[{"href":"https:\/\/macronaturalsshop.com\/index.php?rest_route=%2Fwp%2Fv2%2Fmedia&parent=2027"}],"wp:term":[{"taxonomy":"product_brand","embeddable":true,"href":"https:\/\/macronaturalsshop.com\/index.php?rest_route=%2Fwp%2Fv2%2Fproduct_brand&post=2027"},{"taxonomy":"product_cat","embeddable":true,"href":"https:\/\/macronaturalsshop.com\/index.php?rest_route=%2Fwp%2Fv2%2Fproduct_cat&post=2027"},{"taxonomy":"product_tag","embeddable":true,"href":"https:\/\/macronaturalsshop.com\/index.php?rest_route=%2Fwp%2Fv2%2Fproduct_tag&post=2027"}],"curies":[{"name":"wp","href":"https:\/\/api.w.org\/{rel}","templated":true}]}}