{"id":2037,"date":"2025-08-29T08:25:41","date_gmt":"2025-08-29T08:25:41","guid":{"rendered":"https:\/\/macronaturalsshop.com\/?post_type=product&#038;p=2037"},"modified":"2025-08-30T01:47:38","modified_gmt":"2025-08-30T01:47:38","slug":"maximum-cla","status":"publish","type":"product","link":"https:\/\/macronaturalsshop.com\/?product=maximum-cla","title":{"rendered":"Maximum Cla 2000mg"},"content":{"rendered":"<p>\u00c1cido Linoleico conjugado o CLA, es un \u00e1cido graso esencial Omega-6. El cual es considerado como un potente antioxidante, anticancer\u00edgeno, y un potente potenciador del sistema inmunol\u00f3gico. En los procesos de p\u00e9rdida de peso, el CLA tiene dos v\u00edas en las cuales act\u00faa, por un lado, reduce la formaci\u00f3n de dep\u00f3sitos de grasa en los tejidos; proceso conocido como lipog\u00e9nesis y, por otro lado, potencia su destrucci\u00f3n (lip\u00f3lisis). As\u00ed mismo, act\u00faa a nivel muscular optimizando el metabolismo y mejorando la masa muscular, por lo tanto favorece la desaparici\u00f3n de dep\u00f3sitos de grasas en el organismo, al mismo tiempo que devuelve la fortaleza y tonicidad a los m\u00fasculos evitando la flacidez.<\/p>\n","protected":false},"excerpt":{"rendered":"<p>Favorece la desaparici\u00f3n de dep\u00f3sitos de grasas en el organismo, al mismo tiempo que devuelve la fortaleza y tonicidad a los m\u00fasculos evitando la flacidez.<\/p>\n","protected":false},"featured_media":5268,"comment_status":"open","ping_status":"closed","template":"","meta":[],"product_brand":[454],"product_cat":[385],"product_tag":[566,502,501,520,503],"class_list":{"0":"post-2037","1":"product","2":"type-product","3":"status-publish","4":"has-post-thumbnail","6":"product_brand-alfa","7":"product_cat-deporte","8":"product_tag-deporte","9":"product_tag-heredia","10":"product_tag-natural","11":"product_tag-natural-shop","12":"product_tag-san-pablo","14":"first","15":"instock","16":"shipping-taxable","17":"purchasable","18":"product-type-simple"},"jetpack_sharing_enabled":true,"_links":{"self":[{"href":"https:\/\/macronaturalsshop.com\/index.php?rest_route=\/wp\/v2\/product\/2037"}],"collection":[{"href":"https:\/\/macronaturalsshop.com\/index.php?rest_route=\/wp\/v2\/product"}],"about":[{"href":"https:\/\/macronaturalsshop.com\/index.php?rest_route=\/wp\/v2\/types\/product"}],"replies":[{"embeddable":true,"href":"https:\/\/macronaturalsshop.com\/index.php?rest_route=%2Fwp%2Fv2%2Fcomments&post=2037"}],"wp:featuredmedia":[{"embeddable":true,"href":"https:\/\/macronaturalsshop.com\/index.php?rest_route=\/wp\/v2\/media\/5268"}],"wp:attachment":[{"href":"https:\/\/macronaturalsshop.com\/index.php?rest_route=%2Fwp%2Fv2%2Fmedia&parent=2037"}],"wp:term":[{"taxonomy":"product_brand","embeddable":true,"href":"https:\/\/macronaturalsshop.com\/index.php?rest_route=%2Fwp%2Fv2%2Fproduct_brand&post=2037"},{"taxonomy":"product_cat","embeddable":true,"href":"https:\/\/macronaturalsshop.com\/index.php?rest_route=%2Fwp%2Fv2%2Fproduct_cat&post=2037"},{"taxonomy":"product_tag","embeddable":true,"href":"https:\/\/macronaturalsshop.com\/index.php?rest_route=%2Fwp%2Fv2%2Fproduct_tag&post=2037"}],"curies":[{"name":"wp","href":"https:\/\/api.w.org\/{rel}","templated":true}]}}