{"id":2053,"date":"2025-08-06T01:00:08","date_gmt":"2025-08-06T01:00:08","guid":{"rendered":"https:\/\/macronaturalsshop.com\/?post_type=product&#038;p=2053"},"modified":"2025-08-06T12:09:30","modified_gmt":"2025-08-06T12:09:30","slug":"multi-men-100-tabs","status":"publish","type":"product","link":"https:\/\/macronaturalsshop.com\/?product=multi-men-100-tabs","title":{"rendered":"Multimen Multivitam\u00ednico"},"content":{"rendered":"<p>Regula el metabolismo y participa en procesos que liberan energ\u00eda con la digesti\u00f3n, ayuda a fortalecer el sistema inmunol\u00f3gico y proporciona la energ\u00eda y resistencia necesaria que el cuerpo requiere para sus funciones diarias. MultiMen se  encuentra entre los suplementos para hombres que proporcionan todas las vitaminas y minerales esenciales.<\/p>\n","protected":false},"excerpt":{"rendered":"<p>Multivitam\u00ednico es un suplemento para hombres que proporcionan todas las vitaminas, minerales esenciales, amino\u00e1cidos, enzimas y antioxidantes.<\/p>\n","protected":false},"featured_media":2054,"comment_status":"open","ping_status":"closed","template":"","meta":[],"product_brand":[454],"product_cat":[398],"product_tag":[502,500,545,501,520,503],"class_list":{"0":"post-2053","1":"product","2":"type-product","3":"status-publish","4":"has-post-thumbnail","6":"product_brand-alfa","7":"product_cat-vit-y-min","8":"product_tag-heredia","9":"product_tag-macrobiotica","10":"product_tag-multivitaminico","11":"product_tag-natural","12":"product_tag-natural-shop","13":"product_tag-san-pablo","15":"first","16":"instock","17":"shipping-taxable","18":"purchasable","19":"product-type-simple"},"jetpack_sharing_enabled":true,"_links":{"self":[{"href":"https:\/\/macronaturalsshop.com\/index.php?rest_route=\/wp\/v2\/product\/2053"}],"collection":[{"href":"https:\/\/macronaturalsshop.com\/index.php?rest_route=\/wp\/v2\/product"}],"about":[{"href":"https:\/\/macronaturalsshop.com\/index.php?rest_route=\/wp\/v2\/types\/product"}],"replies":[{"embeddable":true,"href":"https:\/\/macronaturalsshop.com\/index.php?rest_route=%2Fwp%2Fv2%2Fcomments&post=2053"}],"wp:featuredmedia":[{"embeddable":true,"href":"https:\/\/macronaturalsshop.com\/index.php?rest_route=\/wp\/v2\/media\/2054"}],"wp:attachment":[{"href":"https:\/\/macronaturalsshop.com\/index.php?rest_route=%2Fwp%2Fv2%2Fmedia&parent=2053"}],"wp:term":[{"taxonomy":"product_brand","embeddable":true,"href":"https:\/\/macronaturalsshop.com\/index.php?rest_route=%2Fwp%2Fv2%2Fproduct_brand&post=2053"},{"taxonomy":"product_cat","embeddable":true,"href":"https:\/\/macronaturalsshop.com\/index.php?rest_route=%2Fwp%2Fv2%2Fproduct_cat&post=2053"},{"taxonomy":"product_tag","embeddable":true,"href":"https:\/\/macronaturalsshop.com\/index.php?rest_route=%2Fwp%2Fv2%2Fproduct_tag&post=2053"}],"curies":[{"name":"wp","href":"https:\/\/api.w.org\/{rel}","templated":true}]}}