{"id":2055,"date":"2025-08-29T08:35:12","date_gmt":"2025-08-29T08:35:12","guid":{"rendered":"https:\/\/macronaturalsshop.com\/?post_type=product&#038;p=2055"},"modified":"2025-08-30T01:57:34","modified_gmt":"2025-08-30T01:57:34","slug":"gummy-bears-alfa-60-gummies","status":"publish","type":"product","link":"https:\/\/macronaturalsshop.com\/?product=gummy-bears-alfa-60-gummies","title":{"rendered":"Multivitam\u00ednico Gummy Bears Kids"},"content":{"rendered":"<p>Esenciales para la vida, las vitaminas act\u00faan como catalizadores de procesos vitales en el cuerpo contribuyendo a una buena salud, regulan el metabolismo y proporcionan la energ\u00eda necesaria que requiere el organismo para realizar las tareas diarias. Esta f\u00f3rmula proporcionar\u00e1 a los ni\u00f1os un suplemento extra de vitaminas y nutrientes necesarios para un crecimiento \u00f3ptimo.<\/p>\n","protected":false},"excerpt":{"rendered":"<p>Multivitaminas para ni\u00f1os masticables, de diversos sabores y colores. Esenciales para la vida, las vitaminas act\u00faan como catalizadores de procesos vitales en el cuerpo contribuyendo a una buena salud, regulan el metabolismo y proporcionan la energ\u00eda necesaria que requiere el organismo para realizar las tareas diarias.<\/p>\n","protected":false},"featured_media":5272,"comment_status":"open","ping_status":"closed","template":"","meta":[],"product_brand":[454],"product_cat":[411,398],"product_tag":[502,500,501,520,503,568],"class_list":{"0":"post-2055","1":"product","2":"type-product","3":"status-publish","4":"has-post-thumbnail","6":"product_brand-alfa","7":"product_cat-ninos","8":"product_cat-vit-y-min","9":"product_tag-heredia","10":"product_tag-macrobiotica","11":"product_tag-natural","12":"product_tag-natural-shop","13":"product_tag-san-pablo","14":"product_tag-vitaminas","16":"first","17":"instock","18":"shipping-taxable","19":"purchasable","20":"product-type-simple"},"jetpack_sharing_enabled":true,"_links":{"self":[{"href":"https:\/\/macronaturalsshop.com\/index.php?rest_route=\/wp\/v2\/product\/2055"}],"collection":[{"href":"https:\/\/macronaturalsshop.com\/index.php?rest_route=\/wp\/v2\/product"}],"about":[{"href":"https:\/\/macronaturalsshop.com\/index.php?rest_route=\/wp\/v2\/types\/product"}],"replies":[{"embeddable":true,"href":"https:\/\/macronaturalsshop.com\/index.php?rest_route=%2Fwp%2Fv2%2Fcomments&post=2055"}],"wp:featuredmedia":[{"embeddable":true,"href":"https:\/\/macronaturalsshop.com\/index.php?rest_route=\/wp\/v2\/media\/5272"}],"wp:attachment":[{"href":"https:\/\/macronaturalsshop.com\/index.php?rest_route=%2Fwp%2Fv2%2Fmedia&parent=2055"}],"wp:term":[{"taxonomy":"product_brand","embeddable":true,"href":"https:\/\/macronaturalsshop.com\/index.php?rest_route=%2Fwp%2Fv2%2Fproduct_brand&post=2055"},{"taxonomy":"product_cat","embeddable":true,"href":"https:\/\/macronaturalsshop.com\/index.php?rest_route=%2Fwp%2Fv2%2Fproduct_cat&post=2055"},{"taxonomy":"product_tag","embeddable":true,"href":"https:\/\/macronaturalsshop.com\/index.php?rest_route=%2Fwp%2Fv2%2Fproduct_tag&post=2055"}],"curies":[{"name":"wp","href":"https:\/\/api.w.org\/{rel}","templated":true}]}}