{"id":2059,"date":"2025-08-12T01:02:56","date_gmt":"2025-08-12T01:02:56","guid":{"rendered":"https:\/\/macronaturalsshop.com\/?post_type=product&#038;p=2059"},"modified":"2025-08-12T19:58:53","modified_gmt":"2025-08-12T19:58:53","slug":"niacin-b3","status":"publish","type":"product","link":"https:\/\/macronaturalsshop.com\/?product=niacin-b3","title":{"rendered":"Niacin 500mg"},"content":{"rendered":"<p>La niacina es la vitamina B3, tambi\u00e9n conocida como niacinamida o \u00e1cido nicot\u00ednico. El suplemento con niacina ayuda a tener una buena circulaci\u00f3n sangu\u00ednea, una piel sana, fortalece el sistema nervioso, participa en el metabolismo de los carbohidratos, grasas, prote\u00ednas deportivas y en la producci\u00f3n de \u00e1cido clorh\u00eddrico para el sistema digestivo. De igual manera participa en la secreci\u00f3n de l\u00edquidos biliares, estomacales y en la s\u00edntesis de hormonas sexuales.<\/p>\n","protected":false},"excerpt":{"rendered":"<p>Ayuda a tener una buena circulaci\u00f3n sangu\u00ednea, una piel sana, fortalece el sistema nervioso, participa en el metabolismo de los carbohidratos, grasas, prote\u00ednas deportivas y en la producci\u00f3n de \u00e1cido clorh\u00eddrico para el sistema digestivo.<\/p>\n","protected":false},"featured_media":4955,"comment_status":"open","ping_status":"closed","template":"","meta":[],"product_brand":[454],"product_cat":[448,398],"product_tag":[502,500,501,520,590,503,568],"class_list":{"0":"post-2059","1":"product","2":"type-product","3":"status-publish","4":"has-post-thumbnail","6":"product_brand-alfa","7":"product_cat-circulacion","8":"product_cat-vit-y-min","9":"product_tag-heredia","10":"product_tag-macrobiotica","11":"product_tag-natural","12":"product_tag-natural-shop","13":"product_tag-niacin","14":"product_tag-san-pablo","15":"product_tag-vitaminas","17":"first","18":"instock","19":"shipping-taxable","20":"purchasable","21":"product-type-simple"},"jetpack_sharing_enabled":true,"_links":{"self":[{"href":"https:\/\/macronaturalsshop.com\/index.php?rest_route=\/wp\/v2\/product\/2059"}],"collection":[{"href":"https:\/\/macronaturalsshop.com\/index.php?rest_route=\/wp\/v2\/product"}],"about":[{"href":"https:\/\/macronaturalsshop.com\/index.php?rest_route=\/wp\/v2\/types\/product"}],"replies":[{"embeddable":true,"href":"https:\/\/macronaturalsshop.com\/index.php?rest_route=%2Fwp%2Fv2%2Fcomments&post=2059"}],"wp:featuredmedia":[{"embeddable":true,"href":"https:\/\/macronaturalsshop.com\/index.php?rest_route=\/wp\/v2\/media\/4955"}],"wp:attachment":[{"href":"https:\/\/macronaturalsshop.com\/index.php?rest_route=%2Fwp%2Fv2%2Fmedia&parent=2059"}],"wp:term":[{"taxonomy":"product_brand","embeddable":true,"href":"https:\/\/macronaturalsshop.com\/index.php?rest_route=%2Fwp%2Fv2%2Fproduct_brand&post=2059"},{"taxonomy":"product_cat","embeddable":true,"href":"https:\/\/macronaturalsshop.com\/index.php?rest_route=%2Fwp%2Fv2%2Fproduct_cat&post=2059"},{"taxonomy":"product_tag","embeddable":true,"href":"https:\/\/macronaturalsshop.com\/index.php?rest_route=%2Fwp%2Fv2%2Fproduct_tag&post=2059"}],"curies":[{"name":"wp","href":"https:\/\/api.w.org\/{rel}","templated":true}]}}