{"id":2068,"date":"2025-08-12T02:30:45","date_gmt":"2025-08-12T02:30:45","guid":{"rendered":"https:\/\/macronaturalsshop.com\/?post_type=product&#038;p=2068"},"modified":"2025-08-12T21:27:17","modified_gmt":"2025-08-12T21:27:17","slug":"omega-3-1000-mg","status":"publish","type":"product","link":"https:\/\/macronaturalsshop.com\/?product=omega-3-1000-mg","title":{"rendered":"Omega 3 1000mg"},"content":{"rendered":"<p>Es considerado un \u00e1cido graso esencial, puesto que no puede ser producido por el organismo. Son bloques de construcci\u00f3n de la membrana celular, por lo que son indispensables para el organismo. Adem\u00e1s, son b\u00e1sicos para la circulaci\u00f3n sangu\u00ednea. Y para mantener su nivel \u00f3ptimo de viscosidad y de los l\u00edpidos en sangre.<br \/>\nEl \u00e1cido eicosapentaenoico (EPA), el \u00e1cido docosah\u00edrico (DHA) y el \u00e1cido alfa-linol\u00e9nico (ALA), que contienen los omega 3 ayudan a prevenir las dolencias card\u00edacas, regulan la presi\u00f3n arterial y los niveles de colesterol, reducen el dolor en las articulaciones, la migra\u00f1a la depresi\u00f3n, las enfermedades autoinmunes y otros problemas de salud. Complementan la salud de forma integral y protegen contra la inflamaci\u00f3n y algunas patolog\u00edas neurol\u00f3gicas. Adem\u00e1s, tambi\u00e9n favorecen el desarrollo del cerebro y la salud de los reci\u00e9n nacidos, por lo que su consumo es muy importante para las mujeres embarazadas y las madres en per\u00edodo de lactancia.<\/p>\n","protected":false},"excerpt":{"rendered":"<p>Es considerado un \u00e1cido graso esencial, puesto que no puede ser producido por el organismo. Son bloques de construcci\u00f3n de la membrana celular, por lo que son indispensables para el organismo. Adem\u00e1s, son b\u00e1sicos para la circulaci\u00f3n sangu\u00ednea. Y para mantener su nivel \u00f3ptimo de viscosidad y de los l\u00edpidos en sangre.<\/p>\n","protected":false},"featured_media":2069,"comment_status":"open","ping_status":"closed","template":"","meta":[],"product_brand":[454],"product_cat":[395],"product_tag":[546,502,500,501,520,591,503],"class_list":{"0":"post-2068","1":"product","2":"type-product","3":"status-publish","4":"has-post-thumbnail","6":"product_brand-alfa","7":"product_cat-trigliceridos","8":"product_tag-colesterol","9":"product_tag-heredia","10":"product_tag-macrobiotica","11":"product_tag-natural","12":"product_tag-natural-shop","13":"product_tag-omega","14":"product_tag-san-pablo","16":"first","17":"instock","18":"shipping-taxable","19":"purchasable","20":"product-type-simple"},"jetpack_sharing_enabled":true,"_links":{"self":[{"href":"https:\/\/macronaturalsshop.com\/index.php?rest_route=\/wp\/v2\/product\/2068"}],"collection":[{"href":"https:\/\/macronaturalsshop.com\/index.php?rest_route=\/wp\/v2\/product"}],"about":[{"href":"https:\/\/macronaturalsshop.com\/index.php?rest_route=\/wp\/v2\/types\/product"}],"replies":[{"embeddable":true,"href":"https:\/\/macronaturalsshop.com\/index.php?rest_route=%2Fwp%2Fv2%2Fcomments&post=2068"}],"wp:featuredmedia":[{"embeddable":true,"href":"https:\/\/macronaturalsshop.com\/index.php?rest_route=\/wp\/v2\/media\/2069"}],"wp:attachment":[{"href":"https:\/\/macronaturalsshop.com\/index.php?rest_route=%2Fwp%2Fv2%2Fmedia&parent=2068"}],"wp:term":[{"taxonomy":"product_brand","embeddable":true,"href":"https:\/\/macronaturalsshop.com\/index.php?rest_route=%2Fwp%2Fv2%2Fproduct_brand&post=2068"},{"taxonomy":"product_cat","embeddable":true,"href":"https:\/\/macronaturalsshop.com\/index.php?rest_route=%2Fwp%2Fv2%2Fproduct_cat&post=2068"},{"taxonomy":"product_tag","embeddable":true,"href":"https:\/\/macronaturalsshop.com\/index.php?rest_route=%2Fwp%2Fv2%2Fproduct_tag&post=2068"}],"curies":[{"name":"wp","href":"https:\/\/api.w.org\/{rel}","templated":true}]}}