{"id":2073,"date":"2025-08-12T02:31:36","date_gmt":"2025-08-12T02:31:36","guid":{"rendered":"https:\/\/macronaturalsshop.com\/?post_type=product&#038;p=2073"},"modified":"2025-08-12T21:29:25","modified_gmt":"2025-08-12T21:29:25","slug":"omega-369-1000mg","status":"publish","type":"product","link":"https:\/\/macronaturalsshop.com\/?product=omega-369-1000mg","title":{"rendered":"Omega 369"},"content":{"rendered":"<p>Los beneficios que proporciona el Omega 369:  protecci\u00f3n al sistema cardiovascular, mejor funcionamiento del cerebro mediante estimulaci\u00f3n de conexiones neuronales, protecci\u00f3n de la vista, prevenci\u00f3n de hemorragias y artritis, buen estado de la pr\u00f3stata y el h\u00edgado, estimulaci\u00f3n del sistema inmunol\u00f3gico y disminuci\u00f3n del colesterol da\u00f1ino de la sangre. Tiene diversos beneficios para el coraz\u00f3n.  <\/p>\n<p>Previene enfermedades tales como:<br \/>\n&#8211; Trastornos cardiovasculares<br \/>\n&#8211; Infarto<br \/>\n&#8211; Arritmia<br \/>\n&#8211; Niveles altos de l\u00edpidos en la sangre<br \/>\n&#8211; Niveles altos de colesterol<br \/>\n&#8211; Hipertensi\u00f3n.<\/p>\n","protected":false},"excerpt":{"rendered":"<p>Omega 3,6 y 9 cuenta como ingrediente principal el aceite de linaza. Dentro de los bene\ufb01cios que proporcionan se encuentra; protecci\u00f3n al sistema cardiovascular, mejor funcionamiento del cerebro mediante estimulaci\u00f3n de conexiones neuronales, protecci\u00f3n de la vista, prevenci\u00f3n de hemorragias y artritis, buen estado de la pr\u00f3stata y el h\u00edgado, estimulaci\u00f3n del sistema inmunol\u00f3gico y disminuci\u00f3n del colesterol da\u00f1ino de la sangre.<\/p>\n","protected":false},"featured_media":4958,"comment_status":"open","ping_status":"closed","template":"","meta":[],"product_brand":[454],"product_cat":[395],"product_tag":[546,502,500,501,520,591,503],"class_list":{"0":"post-2073","1":"product","2":"type-product","3":"status-publish","4":"has-post-thumbnail","6":"product_brand-alfa","7":"product_cat-trigliceridos","8":"product_tag-colesterol","9":"product_tag-heredia","10":"product_tag-macrobiotica","11":"product_tag-natural","12":"product_tag-natural-shop","13":"product_tag-omega","14":"product_tag-san-pablo","16":"first","17":"instock","18":"shipping-taxable","19":"purchasable","20":"product-type-simple"},"jetpack_sharing_enabled":true,"_links":{"self":[{"href":"https:\/\/macronaturalsshop.com\/index.php?rest_route=\/wp\/v2\/product\/2073"}],"collection":[{"href":"https:\/\/macronaturalsshop.com\/index.php?rest_route=\/wp\/v2\/product"}],"about":[{"href":"https:\/\/macronaturalsshop.com\/index.php?rest_route=\/wp\/v2\/types\/product"}],"replies":[{"embeddable":true,"href":"https:\/\/macronaturalsshop.com\/index.php?rest_route=%2Fwp%2Fv2%2Fcomments&post=2073"}],"wp:featuredmedia":[{"embeddable":true,"href":"https:\/\/macronaturalsshop.com\/index.php?rest_route=\/wp\/v2\/media\/4958"}],"wp:attachment":[{"href":"https:\/\/macronaturalsshop.com\/index.php?rest_route=%2Fwp%2Fv2%2Fmedia&parent=2073"}],"wp:term":[{"taxonomy":"product_brand","embeddable":true,"href":"https:\/\/macronaturalsshop.com\/index.php?rest_route=%2Fwp%2Fv2%2Fproduct_brand&post=2073"},{"taxonomy":"product_cat","embeddable":true,"href":"https:\/\/macronaturalsshop.com\/index.php?rest_route=%2Fwp%2Fv2%2Fproduct_cat&post=2073"},{"taxonomy":"product_tag","embeddable":true,"href":"https:\/\/macronaturalsshop.com\/index.php?rest_route=%2Fwp%2Fv2%2Fproduct_tag&post=2073"}],"curies":[{"name":"wp","href":"https:\/\/api.w.org\/{rel}","templated":true}]}}