{"id":2081,"date":"2025-08-29T08:40:20","date_gmt":"2025-08-29T08:40:20","guid":{"rendered":"https:\/\/macronaturalsshop.com\/?post_type=product&#038;p=2081"},"modified":"2025-08-30T02:00:08","modified_gmt":"2025-08-30T02:00:08","slug":"resveratrol-60-caps","status":"publish","type":"product","link":"https:\/\/macronaturalsshop.com\/?product=resveratrol-60-caps","title":{"rendered":"Resveratrol 500mg"},"content":{"rendered":"<p>El resveratrol es un polifenol natural presente en numerosas plantas y frutos, especialmente en las uvas. Su uso como suplemento diet\u00e9tico es la capacidad antioxidante y su actividad como protector cardiovascular, anticancer\u00edgeno, antiagregante plaquetario (inhibe la formaci\u00f3n de trombos o co\u00e1gulos sangu\u00edneos), antiinflamatorio y antial\u00e9rgico. Adem\u00e1s el resveratrol se utiliza como protector en trastornos neurodegenerativos como la enfermedad de Alzheimer y alteraciones metab\u00f3licas como la diabetes.<\/p>\n","protected":false},"excerpt":{"rendered":"<p>Potente antioxidante.<br \/>\nProtector de transtornos neurodegenerativos.<br \/>\nProtector cardiovascular.<\/p>\n","protected":false},"featured_media":2082,"comment_status":"open","ping_status":"closed","template":"","meta":[],"product_brand":[454],"product_cat":[382,437],"product_tag":[564,502,501,520,503],"class_list":{"0":"post-2081","1":"product","2":"type-product","3":"status-publish","4":"has-post-thumbnail","6":"product_brand-alfa","7":"product_cat-antioxidante","8":"product_cat-presion","9":"product_tag-antioxidante","10":"product_tag-heredia","11":"product_tag-natural","12":"product_tag-natural-shop","13":"product_tag-san-pablo","15":"first","16":"instock","17":"shipping-taxable","18":"purchasable","19":"product-type-simple"},"jetpack_sharing_enabled":true,"_links":{"self":[{"href":"https:\/\/macronaturalsshop.com\/index.php?rest_route=\/wp\/v2\/product\/2081"}],"collection":[{"href":"https:\/\/macronaturalsshop.com\/index.php?rest_route=\/wp\/v2\/product"}],"about":[{"href":"https:\/\/macronaturalsshop.com\/index.php?rest_route=\/wp\/v2\/types\/product"}],"replies":[{"embeddable":true,"href":"https:\/\/macronaturalsshop.com\/index.php?rest_route=%2Fwp%2Fv2%2Fcomments&post=2081"}],"wp:featuredmedia":[{"embeddable":true,"href":"https:\/\/macronaturalsshop.com\/index.php?rest_route=\/wp\/v2\/media\/2082"}],"wp:attachment":[{"href":"https:\/\/macronaturalsshop.com\/index.php?rest_route=%2Fwp%2Fv2%2Fmedia&parent=2081"}],"wp:term":[{"taxonomy":"product_brand","embeddable":true,"href":"https:\/\/macronaturalsshop.com\/index.php?rest_route=%2Fwp%2Fv2%2Fproduct_brand&post=2081"},{"taxonomy":"product_cat","embeddable":true,"href":"https:\/\/macronaturalsshop.com\/index.php?rest_route=%2Fwp%2Fv2%2Fproduct_cat&post=2081"},{"taxonomy":"product_tag","embeddable":true,"href":"https:\/\/macronaturalsshop.com\/index.php?rest_route=%2Fwp%2Fv2%2Fproduct_tag&post=2081"}],"curies":[{"name":"wp","href":"https:\/\/api.w.org\/{rel}","templated":true}]}}