{"id":2087,"date":"2025-08-29T08:50:18","date_gmt":"2025-08-29T08:50:18","guid":{"rendered":"https:\/\/macronaturalsshop.com\/?post_type=product&#038;p=2087"},"modified":"2025-08-30T02:04:11","modified_gmt":"2025-08-30T02:04:11","slug":"shark-cartilage-100-caps","status":"publish","type":"product","link":"https:\/\/macronaturalsshop.com\/?product=shark-cartilage-100-caps","title":{"rendered":"Shark Cartilage"},"content":{"rendered":"<p><span>Entre los componentes del cart\u00edlago en este pez, hay un tipo de prote\u00edna capaz de inhibir la angiog\u00e9nesis o el desarrollo de nuevos vasos sangu\u00edneos. Esta propiedad ayuda a combatir el crecimiento da\u00f1ino de estos tejidos, t\u00edpico de varios trastornos de salud.\u00a0<\/span><\/p>\n<p><span>El cart\u00edlago de tibur\u00f3n tambi\u00e9n contiene calcio y f\u00f3sforo que se absorben como nutrientes beneficiosos para el sistema inmunitario.<\/span><\/p>\n","protected":false},"excerpt":{"rendered":"<p>Ayuda a fortalecer las articulaciones<br \/>\nRecuperaci\u00f3n de tejidos.<br \/>\nAntiinflaatorio natural.<\/p>\n","protected":false},"featured_media":3865,"comment_status":"open","ping_status":"closed","template":"","meta":[],"product_brand":[454],"product_cat":[430,380,379],"product_tag":[615,558,502,501,520,503],"class_list":{"0":"post-2087","1":"product","2":"type-product","3":"status-publish","4":"has-post-thumbnail","6":"product_brand-alfa","7":"product_cat-antinflamatorio-y-dolores","8":"product_cat-articulaciones","9":"product_cat-sistema-inmunologico","10":"product_tag-antiinflamatorio","11":"product_tag-articulaciones","12":"product_tag-heredia","13":"product_tag-natural","14":"product_tag-natural-shop","15":"product_tag-san-pablo","17":"first","18":"instock","19":"shipping-taxable","20":"purchasable","21":"product-type-simple"},"jetpack_sharing_enabled":true,"_links":{"self":[{"href":"https:\/\/macronaturalsshop.com\/index.php?rest_route=\/wp\/v2\/product\/2087"}],"collection":[{"href":"https:\/\/macronaturalsshop.com\/index.php?rest_route=\/wp\/v2\/product"}],"about":[{"href":"https:\/\/macronaturalsshop.com\/index.php?rest_route=\/wp\/v2\/types\/product"}],"replies":[{"embeddable":true,"href":"https:\/\/macronaturalsshop.com\/index.php?rest_route=%2Fwp%2Fv2%2Fcomments&post=2087"}],"wp:featuredmedia":[{"embeddable":true,"href":"https:\/\/macronaturalsshop.com\/index.php?rest_route=\/wp\/v2\/media\/3865"}],"wp:attachment":[{"href":"https:\/\/macronaturalsshop.com\/index.php?rest_route=%2Fwp%2Fv2%2Fmedia&parent=2087"}],"wp:term":[{"taxonomy":"product_brand","embeddable":true,"href":"https:\/\/macronaturalsshop.com\/index.php?rest_route=%2Fwp%2Fv2%2Fproduct_brand&post=2087"},{"taxonomy":"product_cat","embeddable":true,"href":"https:\/\/macronaturalsshop.com\/index.php?rest_route=%2Fwp%2Fv2%2Fproduct_cat&post=2087"},{"taxonomy":"product_tag","embeddable":true,"href":"https:\/\/macronaturalsshop.com\/index.php?rest_route=%2Fwp%2Fv2%2Fproduct_tag&post=2087"}],"curies":[{"name":"wp","href":"https:\/\/api.w.org\/{rel}","templated":true}]}}