{"id":2089,"date":"2025-08-29T09:00:27","date_gmt":"2025-08-29T09:00:27","guid":{"rendered":"https:\/\/macronaturalsshop.com\/?post_type=product&#038;p=2089"},"modified":"2025-08-30T02:07:43","modified_gmt":"2025-08-30T02:07:43","slug":"spirulina-2000-mg","status":"publish","type":"product","link":"https:\/\/macronaturalsshop.com\/?product=spirulina-2000-mg","title":{"rendered":"Spirulina 2000mg"},"content":{"rendered":"<p>La Spirulina es una microalga con una fuente de prote\u00ednas naturales y nutrientes beneficiosas para el consumidor. El suplemento nutricional de espirulina aporta \u00e1cidos grasos esenciales, hierro y calcio, por lo que es \u00fatil para mejorar la fuerza muscular, reducir el riesgo de ataques al coraz\u00f3n, ayuda a mantener el cabello, u\u00f1as y piel saludables, debido a su poder antioxidante retarda el envejecimiento de las c\u00e9lulas, protege el h\u00edgado, ayuda a bajar el colesterol malo o LDL y permite controlar los niveles de glucosa en sangre.<\/p>\n","protected":false},"excerpt":{"rendered":"<p>Com\u00fanmente se la conoce como alga espirulina y es rica en nutrientes: ya los Aztecas la consum\u00edan para complementar su dieta debido a su aporte en prote\u00edna vegetal, \u00e1cidos grasos esenciales, vitaminas y minerales y los astronautas de la NASA la han consumido como suplemento.<\/p>\n","protected":false},"featured_media":4228,"comment_status":"open","ping_status":"closed","template":"","meta":[],"product_brand":[454],"product_cat":[382,398],"product_tag":[564,502,501,520,503],"class_list":{"0":"post-2089","1":"product","2":"type-product","3":"status-publish","4":"has-post-thumbnail","6":"product_brand-alfa","7":"product_cat-antioxidante","8":"product_cat-vit-y-min","9":"product_tag-antioxidante","10":"product_tag-heredia","11":"product_tag-natural","12":"product_tag-natural-shop","13":"product_tag-san-pablo","15":"first","16":"instock","17":"shipping-taxable","18":"purchasable","19":"product-type-simple"},"jetpack_sharing_enabled":true,"_links":{"self":[{"href":"https:\/\/macronaturalsshop.com\/index.php?rest_route=\/wp\/v2\/product\/2089"}],"collection":[{"href":"https:\/\/macronaturalsshop.com\/index.php?rest_route=\/wp\/v2\/product"}],"about":[{"href":"https:\/\/macronaturalsshop.com\/index.php?rest_route=\/wp\/v2\/types\/product"}],"replies":[{"embeddable":true,"href":"https:\/\/macronaturalsshop.com\/index.php?rest_route=%2Fwp%2Fv2%2Fcomments&post=2089"}],"wp:featuredmedia":[{"embeddable":true,"href":"https:\/\/macronaturalsshop.com\/index.php?rest_route=\/wp\/v2\/media\/4228"}],"wp:attachment":[{"href":"https:\/\/macronaturalsshop.com\/index.php?rest_route=%2Fwp%2Fv2%2Fmedia&parent=2089"}],"wp:term":[{"taxonomy":"product_brand","embeddable":true,"href":"https:\/\/macronaturalsshop.com\/index.php?rest_route=%2Fwp%2Fv2%2Fproduct_brand&post=2089"},{"taxonomy":"product_cat","embeddable":true,"href":"https:\/\/macronaturalsshop.com\/index.php?rest_route=%2Fwp%2Fv2%2Fproduct_cat&post=2089"},{"taxonomy":"product_tag","embeddable":true,"href":"https:\/\/macronaturalsshop.com\/index.php?rest_route=%2Fwp%2Fv2%2Fproduct_tag&post=2089"}],"curies":[{"name":"wp","href":"https:\/\/api.w.org\/{rel}","templated":true}]}}