{"id":2091,"date":"2025-08-29T09:05:45","date_gmt":"2025-08-29T09:05:45","guid":{"rendered":"https:\/\/macronaturalsshop.com\/?post_type=product&#038;p=2091"},"modified":"2025-08-30T02:16:57","modified_gmt":"2025-08-30T02:16:57","slug":"super-inmune-c-300g","status":"publish","type":"product","link":"https:\/\/macronaturalsshop.com\/?product=super-inmune-c-300g","title":{"rendered":"Super Immune C 300gr"},"content":{"rendered":"<ul>\n<li><strong>Apoyo inmunol\u00f3gico:<\/strong> Super Immune C es una f\u00f3rmula en polvo que contiene vitamina C 1000 mg, col\u00e1geno 0.39\u00a0oz, vitamina D3 5000 IU, zinc 50 mg para ayudarte a mantenerte saludable y fortalecer tu sistema inmunol\u00f3gico todos los d\u00edas.<\/li>\n<li><strong>Piel saludable:<\/strong> SuperC refuerza el sistema inmunol\u00f3gico, pero tambi\u00e9n ayuda a que tu piel permanezca brillante. 0.39\u00a0oz de col\u00e1geno le da a la piel la cantidad correcta que necesita a diario para ralentizar el proceso de envejecimiento y darle un brillo m\u00e1s saludable. Tambi\u00e9n promueve el cabello sano, las u\u00f1as y las articulaciones.<\/li>\n<li><strong>Delicioso: <\/strong>sabor de naranja natural para hacer que tus batidos y bebidas sean deliciosas. Mezclar a diario en jugo de naranja, agua o incluso mejor un batido de la ma\u00f1ana.<\/li>\n<\/ul>\n","protected":false},"excerpt":{"rendered":"<p>Sabor de naranja natural para hacer que tus batidos y bebidas sean deliciosas. Mezclar a diario en jugo de naranja, agua o incluso mejor un batido de la ma\u00f1ana.<\/p>\n","protected":false},"featured_media":2092,"comment_status":"open","ping_status":"closed","template":"","meta":[],"product_brand":[454],"product_cat":[379],"product_tag":[500,501,520,503,568],"class_list":{"0":"post-2091","1":"product","2":"type-product","3":"status-publish","4":"has-post-thumbnail","6":"product_brand-alfa","7":"product_cat-sistema-inmunologico","8":"product_tag-macrobiotica","9":"product_tag-natural","10":"product_tag-natural-shop","11":"product_tag-san-pablo","12":"product_tag-vitaminas","14":"first","15":"instock","16":"shipping-taxable","17":"purchasable","18":"product-type-simple"},"jetpack_sharing_enabled":true,"_links":{"self":[{"href":"https:\/\/macronaturalsshop.com\/index.php?rest_route=\/wp\/v2\/product\/2091"}],"collection":[{"href":"https:\/\/macronaturalsshop.com\/index.php?rest_route=\/wp\/v2\/product"}],"about":[{"href":"https:\/\/macronaturalsshop.com\/index.php?rest_route=\/wp\/v2\/types\/product"}],"replies":[{"embeddable":true,"href":"https:\/\/macronaturalsshop.com\/index.php?rest_route=%2Fwp%2Fv2%2Fcomments&post=2091"}],"wp:featuredmedia":[{"embeddable":true,"href":"https:\/\/macronaturalsshop.com\/index.php?rest_route=\/wp\/v2\/media\/2092"}],"wp:attachment":[{"href":"https:\/\/macronaturalsshop.com\/index.php?rest_route=%2Fwp%2Fv2%2Fmedia&parent=2091"}],"wp:term":[{"taxonomy":"product_brand","embeddable":true,"href":"https:\/\/macronaturalsshop.com\/index.php?rest_route=%2Fwp%2Fv2%2Fproduct_brand&post=2091"},{"taxonomy":"product_cat","embeddable":true,"href":"https:\/\/macronaturalsshop.com\/index.php?rest_route=%2Fwp%2Fv2%2Fproduct_cat&post=2091"},{"taxonomy":"product_tag","embeddable":true,"href":"https:\/\/macronaturalsshop.com\/index.php?rest_route=%2Fwp%2Fv2%2Fproduct_tag&post=2091"}],"curies":[{"name":"wp","href":"https:\/\/api.w.org\/{rel}","templated":true}]}}