{"id":2093,"date":"2025-07-26T00:36:35","date_gmt":"2025-07-26T00:36:35","guid":{"rendered":"https:\/\/macronaturalsshop.com\/?post_type=product&#038;p=2093"},"modified":"2025-07-26T14:41:54","modified_gmt":"2025-07-26T14:41:54","slug":"tumeric-curcumim-2000mg","status":"publish","type":"product","link":"https:\/\/macronaturalsshop.com\/?product=tumeric-curcumim-2000mg","title":{"rendered":"Turmeric Curcuma 2000mg 90cap"},"content":{"rendered":"<p>La c\u00farcuma, elaborada a partir de las ra\u00edces de la planta C\u00farcuma longa, es una antigua especia india que se est\u00e1 convirtiendo en un suplemento herbario popular debido a sus beneficios antioxidantes. Conocido por ayudar al cuerpo a eliminar toxinas y neutralizar los radicales libres. Cada c\u00e1psula no contiene colorantes ni sabores artificiales, ni conservantes, ni levadura, almid\u00f3n ni gluten. <\/p>\n<p>BENEFICIOS:<br \/>\nSoporte inmune<br \/>\nApoyo Conjunto<br \/>\nLa salud del coraz\u00f3n<br \/>\nInflamaci\u00f3n de vuelo<br \/>\nApoya un estilo de vida saludable en general.<\/p>\n","protected":false},"excerpt":{"rendered":"<p>Posee facultades antibacterianas.<br \/>\nPropiedades anti inflamatorias.<br \/>\nMejora el proceso digestivo<br \/>\nPosee actividad hepatoprotectora.<br \/>\nPromueve la cicatrizaci\u00f3n y la reparaci\u00f3n de tejidos.<br \/>\nEstimula el sistema inmunitario.<br \/>\nTiene efecto hipoglucemiante.<br \/>\nTiene actividad hipolipid\u00e9mica.<br \/>\nSe considera un excelente antioxidante.<\/p>\n","protected":false},"featured_media":2094,"comment_status":"open","ping_status":"closed","template":"","meta":[],"product_brand":[454],"product_cat":[430,382,408,396,379],"product_tag":[540,541,502,539,500,501,520,509,503],"class_list":{"0":"post-2093","1":"product","2":"type-product","3":"status-publish","4":"has-post-thumbnail","6":"product_brand-alfa","7":"product_cat-antinflamatorio-y-dolores","8":"product_cat-antioxidante","9":"product_cat-cuidado-personal","10":"product_cat-sistema-digestivo","11":"product_cat-sistema-inmunologico","12":"product_tag-antibacteriano","13":"product_tag-digestion","14":"product_tag-heredia","15":"product_tag-inti-inflamatorio","16":"product_tag-macrobiotica","17":"product_tag-natural","18":"product_tag-natural-shop","19":"product_tag-piel","20":"product_tag-san-pablo","22":"first","23":"instock","24":"shipping-taxable","25":"purchasable","26":"product-type-simple"},"jetpack_sharing_enabled":true,"_links":{"self":[{"href":"https:\/\/macronaturalsshop.com\/index.php?rest_route=\/wp\/v2\/product\/2093"}],"collection":[{"href":"https:\/\/macronaturalsshop.com\/index.php?rest_route=\/wp\/v2\/product"}],"about":[{"href":"https:\/\/macronaturalsshop.com\/index.php?rest_route=\/wp\/v2\/types\/product"}],"replies":[{"embeddable":true,"href":"https:\/\/macronaturalsshop.com\/index.php?rest_route=%2Fwp%2Fv2%2Fcomments&post=2093"}],"wp:featuredmedia":[{"embeddable":true,"href":"https:\/\/macronaturalsshop.com\/index.php?rest_route=\/wp\/v2\/media\/2094"}],"wp:attachment":[{"href":"https:\/\/macronaturalsshop.com\/index.php?rest_route=%2Fwp%2Fv2%2Fmedia&parent=2093"}],"wp:term":[{"taxonomy":"product_brand","embeddable":true,"href":"https:\/\/macronaturalsshop.com\/index.php?rest_route=%2Fwp%2Fv2%2Fproduct_brand&post=2093"},{"taxonomy":"product_cat","embeddable":true,"href":"https:\/\/macronaturalsshop.com\/index.php?rest_route=%2Fwp%2Fv2%2Fproduct_cat&post=2093"},{"taxonomy":"product_tag","embeddable":true,"href":"https:\/\/macronaturalsshop.com\/index.php?rest_route=%2Fwp%2Fv2%2Fproduct_tag&post=2093"}],"curies":[{"name":"wp","href":"https:\/\/api.w.org\/{rel}","templated":true}]}}