{"id":2118,"date":"2025-08-12T05:55:31","date_gmt":"2025-08-12T05:55:31","guid":{"rendered":"https:\/\/macronaturalsshop.com\/?post_type=product&#038;p=2118"},"modified":"2025-09-22T00:43:32","modified_gmt":"2025-09-22T00:43:32","slug":"zincvitamin-c-y-d","status":"publish","type":"product","link":"https:\/\/macronaturalsshop.com\/?product=zincvitamin-c-y-d","title":{"rendered":"Zinc + Vitamina C &#038; D + Echinecea"},"content":{"rendered":"<p>La vitamina C contribuye a la defensa inmunol\u00f3gica; tambi\u00e9n brinda protecci\u00f3n antioxidante, adem\u00e1s de mantener la salud de los vasos sangu\u00edneos, tejidos, cart\u00edlagos, huesos, ojos y otros sistemas de \u00f3rganos. La vitamina D es crucial para la activaci\u00f3n de las defensas inmunitarias y ayuda a mantener huesos fuertes y una funci\u00f3n cognitiva saludable. El zinc es esencial para la funci\u00f3n del sistema inmunol\u00f3gico, incluido el desarrollo y la comunicaci\u00f3n de las c\u00e9lulas inmunitarias. Apoyo inmunol\u00f3gico NATURAL que ayuda a potenciar los antioxidantes.<\/p>\n","protected":false},"excerpt":{"rendered":"<p>Las c\u00e1psulas de zinc + vitamina C y D3 y zinc brindan 100% de vitamina C, vitamina D y zinc de grado farmac\u00e9utico, todos los nutrientes esenciales para el cuerpo.<\/p>\n","protected":false},"featured_media":3872,"comment_status":"open","ping_status":"closed","template":"","meta":[],"product_brand":[454],"product_cat":[379,398],"product_tag":[502,500,595,501,520,503,568],"class_list":{"0":"post-2118","1":"product","2":"type-product","3":"status-publish","4":"has-post-thumbnail","6":"product_brand-alfa","7":"product_cat-sistema-inmunologico","8":"product_cat-vit-y-min","9":"product_tag-heredia","10":"product_tag-macrobiotica","11":"product_tag-minerales","12":"product_tag-natural","13":"product_tag-natural-shop","14":"product_tag-san-pablo","15":"product_tag-vitaminas","17":"first","18":"instock","19":"shipping-taxable","20":"purchasable","21":"product-type-simple"},"jetpack_sharing_enabled":true,"_links":{"self":[{"href":"https:\/\/macronaturalsshop.com\/index.php?rest_route=\/wp\/v2\/product\/2118"}],"collection":[{"href":"https:\/\/macronaturalsshop.com\/index.php?rest_route=\/wp\/v2\/product"}],"about":[{"href":"https:\/\/macronaturalsshop.com\/index.php?rest_route=\/wp\/v2\/types\/product"}],"replies":[{"embeddable":true,"href":"https:\/\/macronaturalsshop.com\/index.php?rest_route=%2Fwp%2Fv2%2Fcomments&post=2118"}],"wp:featuredmedia":[{"embeddable":true,"href":"https:\/\/macronaturalsshop.com\/index.php?rest_route=\/wp\/v2\/media\/3872"}],"wp:attachment":[{"href":"https:\/\/macronaturalsshop.com\/index.php?rest_route=%2Fwp%2Fv2%2Fmedia&parent=2118"}],"wp:term":[{"taxonomy":"product_brand","embeddable":true,"href":"https:\/\/macronaturalsshop.com\/index.php?rest_route=%2Fwp%2Fv2%2Fproduct_brand&post=2118"},{"taxonomy":"product_cat","embeddable":true,"href":"https:\/\/macronaturalsshop.com\/index.php?rest_route=%2Fwp%2Fv2%2Fproduct_cat&post=2118"},{"taxonomy":"product_tag","embeddable":true,"href":"https:\/\/macronaturalsshop.com\/index.php?rest_route=%2Fwp%2Fv2%2Fproduct_tag&post=2118"}],"curies":[{"name":"wp","href":"https:\/\/api.w.org\/{rel}","templated":true}]}}