{"id":2120,"date":"2025-08-12T06:00:20","date_gmt":"2025-08-12T06:00:20","guid":{"rendered":"https:\/\/macronaturalsshop.com\/?post_type=product&#038;p=2120"},"modified":"2025-08-17T00:31:12","modified_gmt":"2025-08-17T00:31:12","slug":"zinc-gluconate-50-mg","status":"publish","type":"product","link":"https:\/\/macronaturalsshop.com\/?product=zinc-gluconate-50-mg","title":{"rendered":"Zinc Gluconate 200mg"},"content":{"rendered":"<p>El zinc est\u00e1 involucrado en las funciones de la pr\u00f3stata y el desarrollo de los \u00f3rganos reproductivos, regula la actividad de las gl\u00e1ndulas seb\u00e1ceas y es necesario para la formaci\u00f3n de col\u00e1geno y la s\u00edntesis de prote\u00ednas, facilita el uso de glucosa como energ\u00eda para el cuerpo, tiene efectos bene\ufb01ciosos sobre el h\u00edgado y es esencial para la formaci\u00f3n de hueso. El cuerpo requiere una cantidad su\ufb01ciente de este mineral para mantener la concentraci\u00f3n adecuada de vitamina E y aumentar la absorci\u00f3n de la vitamina A.<\/p>\n","protected":false},"excerpt":{"rendered":"<p>El zinc tambi\u00e9n estimula las enzimas necesarias en la divisi\u00f3n y el crecimiento de las c\u00e9lulas.<\/p>\n","protected":false},"featured_media":3873,"comment_status":"open","ping_status":"closed","template":"","meta":[],"product_brand":[454],"product_cat":[398],"product_tag":[502,500,501,520,503,568,597],"class_list":{"0":"post-2120","1":"product","2":"type-product","3":"status-publish","4":"has-post-thumbnail","6":"product_brand-alfa","7":"product_cat-vit-y-min","8":"product_tag-heredia","9":"product_tag-macrobiotica","10":"product_tag-natural","11":"product_tag-natural-shop","12":"product_tag-san-pablo","13":"product_tag-vitaminas","14":"product_tag-zinc","16":"first","17":"instock","18":"shipping-taxable","19":"purchasable","20":"product-type-simple"},"jetpack_sharing_enabled":true,"_links":{"self":[{"href":"https:\/\/macronaturalsshop.com\/index.php?rest_route=\/wp\/v2\/product\/2120"}],"collection":[{"href":"https:\/\/macronaturalsshop.com\/index.php?rest_route=\/wp\/v2\/product"}],"about":[{"href":"https:\/\/macronaturalsshop.com\/index.php?rest_route=\/wp\/v2\/types\/product"}],"replies":[{"embeddable":true,"href":"https:\/\/macronaturalsshop.com\/index.php?rest_route=%2Fwp%2Fv2%2Fcomments&post=2120"}],"wp:featuredmedia":[{"embeddable":true,"href":"https:\/\/macronaturalsshop.com\/index.php?rest_route=\/wp\/v2\/media\/3873"}],"wp:attachment":[{"href":"https:\/\/macronaturalsshop.com\/index.php?rest_route=%2Fwp%2Fv2%2Fmedia&parent=2120"}],"wp:term":[{"taxonomy":"product_brand","embeddable":true,"href":"https:\/\/macronaturalsshop.com\/index.php?rest_route=%2Fwp%2Fv2%2Fproduct_brand&post=2120"},{"taxonomy":"product_cat","embeddable":true,"href":"https:\/\/macronaturalsshop.com\/index.php?rest_route=%2Fwp%2Fv2%2Fproduct_cat&post=2120"},{"taxonomy":"product_tag","embeddable":true,"href":"https:\/\/macronaturalsshop.com\/index.php?rest_route=%2Fwp%2Fv2%2Fproduct_tag&post=2120"}],"curies":[{"name":"wp","href":"https:\/\/api.w.org\/{rel}","templated":true}]}}