{"id":2136,"date":"2025-08-06T03:50:47","date_gmt":"2025-08-06T03:50:47","guid":{"rendered":"https:\/\/macronaturalsshop.com\/?post_type=product&#038;p=2136"},"modified":"2025-08-06T23:53:41","modified_gmt":"2025-08-06T23:53:41","slug":"metacap-2","status":"publish","type":"product","link":"https:\/\/macronaturalsshop.com\/?product=metacap-2","title":{"rendered":"Metacap"},"content":{"rendered":"<p>Coadyuvante para aumentar diuresis. METACAP es una mezcla de cola de caballo con gualanday. Eficaz para remineralizar el hueso, al tomarlo al mismo tiempo que la osteog\u00e9nesis se logra detener y revertir de forma considerable el desgaste de los huesos u osteoartritis.<br \/>\nMejora la absorci\u00f3n de calcio por el hueso siendo un coadyuvante en la osteoporosis.<br \/>\nEntre sus beneficios est\u00e1n:<br \/>\n-Remineralizar el hueso.<br \/>\n-Eficaz en casos de \u00falcera estomacal o duodenal (\u00falcera g\u00e1strica).<br \/>\n-Indicada en casos de obesidad.<br \/>\n-Eliminar los l\u00edquidos acumulados en el cuerpo y mejorar la salud de la piel, u\u00f1as y cabello.<br \/>\n-Sensibiliza los tejidos a la acci\u00f3n de la radioterapia haciendo m\u00e1s efectiva su acci\u00f3n anticancerigena.<\/p>\n","protected":false},"excerpt":{"rendered":"<p>Apoya la funci\u00f3n diur\u00e9tica y renal<br \/>\nFavorece la remineralizaci\u00f3n \u00f3sea<br \/>\nFortalece el crecimiento saludable de u\u00f1as y cabello<br \/>\nContribuye a procesos depurativos y limpieza interna<\/p>\n","protected":false},"featured_media":2137,"comment_status":"open","ping_status":"closed","template":"","meta":[],"product_brand":[456],"product_cat":[396,406],"product_tag":[575,502,500,501,520,503],"class_list":{"0":"post-2136","1":"product","2":"type-product","3":"status-publish","4":"has-post-thumbnail","6":"product_brand-betesda","7":"product_cat-sistema-digestivo","8":"product_cat-rinones","9":"product_tag-diuritico","10":"product_tag-heredia","11":"product_tag-macrobiotica","12":"product_tag-natural","13":"product_tag-natural-shop","14":"product_tag-san-pablo","16":"first","17":"instock","18":"shipping-taxable","19":"purchasable","20":"product-type-simple"},"jetpack_sharing_enabled":true,"_links":{"self":[{"href":"https:\/\/macronaturalsshop.com\/index.php?rest_route=\/wp\/v2\/product\/2136"}],"collection":[{"href":"https:\/\/macronaturalsshop.com\/index.php?rest_route=\/wp\/v2\/product"}],"about":[{"href":"https:\/\/macronaturalsshop.com\/index.php?rest_route=\/wp\/v2\/types\/product"}],"replies":[{"embeddable":true,"href":"https:\/\/macronaturalsshop.com\/index.php?rest_route=%2Fwp%2Fv2%2Fcomments&post=2136"}],"wp:featuredmedia":[{"embeddable":true,"href":"https:\/\/macronaturalsshop.com\/index.php?rest_route=\/wp\/v2\/media\/2137"}],"wp:attachment":[{"href":"https:\/\/macronaturalsshop.com\/index.php?rest_route=%2Fwp%2Fv2%2Fmedia&parent=2136"}],"wp:term":[{"taxonomy":"product_brand","embeddable":true,"href":"https:\/\/macronaturalsshop.com\/index.php?rest_route=%2Fwp%2Fv2%2Fproduct_brand&post=2136"},{"taxonomy":"product_cat","embeddable":true,"href":"https:\/\/macronaturalsshop.com\/index.php?rest_route=%2Fwp%2Fv2%2Fproduct_cat&post=2136"},{"taxonomy":"product_tag","embeddable":true,"href":"https:\/\/macronaturalsshop.com\/index.php?rest_route=%2Fwp%2Fv2%2Fproduct_tag&post=2136"}],"curies":[{"name":"wp","href":"https:\/\/api.w.org\/{rel}","templated":true}]}}