{"id":2167,"date":"2025-08-06T04:50:50","date_gmt":"2025-08-06T04:50:50","guid":{"rendered":"https:\/\/macronaturalsshop.com\/?post_type=product&#038;p=2167"},"modified":"2025-08-07T00:20:58","modified_gmt":"2025-08-07T00:20:58","slug":"vidaflor-te","status":"publish","type":"product","link":"https:\/\/macronaturalsshop.com\/?product=vidaflor-te","title":{"rendered":"VidaFlor T\u00e9"},"content":{"rendered":"<p>Contiene:<br \/>\n&#8211; Linaza.<br \/>\n&#8211; Rosa de jamaica.<br \/>\n&#8211; T\u00e9 blanco.<br \/>\n&#8211; Jengibre.<br \/>\n&#8211; Stevia.<\/p>\n<p>Beneficios:<br \/>\n&#8211; Protecci\u00f3n g\u00e1strica.<br \/>\n&#8211; Fortalece el Sistema inmunol\u00f3gico.<br \/>\n&#8211; Desinflama el colon.<br \/>\n&#8211; Desinflama paredes intestinales.<br \/>\n&#8211; Disminuye la presi\u00f3n arterial.<\/p>\n","protected":false},"excerpt":{"rendered":"<p>Este t\u00e9 natural combina ingredientes como linaza, rosa de Jamaica, t\u00e9 blanco, jengibre y stevia para ofrecerte m\u00faltiples beneficios.<\/p>\n","protected":false},"featured_media":4935,"comment_status":"open","ping_status":"closed","template":"","meta":[],"product_brand":[456],"product_cat":[396,379],"product_tag":[578,502,500,501,520,503],"class_list":{"0":"post-2167","1":"product","2":"type-product","3":"status-publish","4":"has-post-thumbnail","6":"product_brand-betesda","7":"product_cat-sistema-digestivo","8":"product_cat-sistema-inmunologico","9":"product_tag-desinflamante","10":"product_tag-heredia","11":"product_tag-macrobiotica","12":"product_tag-natural","13":"product_tag-natural-shop","14":"product_tag-san-pablo","16":"first","17":"instock","18":"shipping-taxable","19":"purchasable","20":"product-type-simple"},"jetpack_sharing_enabled":true,"_links":{"self":[{"href":"https:\/\/macronaturalsshop.com\/index.php?rest_route=\/wp\/v2\/product\/2167"}],"collection":[{"href":"https:\/\/macronaturalsshop.com\/index.php?rest_route=\/wp\/v2\/product"}],"about":[{"href":"https:\/\/macronaturalsshop.com\/index.php?rest_route=\/wp\/v2\/types\/product"}],"replies":[{"embeddable":true,"href":"https:\/\/macronaturalsshop.com\/index.php?rest_route=%2Fwp%2Fv2%2Fcomments&post=2167"}],"wp:featuredmedia":[{"embeddable":true,"href":"https:\/\/macronaturalsshop.com\/index.php?rest_route=\/wp\/v2\/media\/4935"}],"wp:attachment":[{"href":"https:\/\/macronaturalsshop.com\/index.php?rest_route=%2Fwp%2Fv2%2Fmedia&parent=2167"}],"wp:term":[{"taxonomy":"product_brand","embeddable":true,"href":"https:\/\/macronaturalsshop.com\/index.php?rest_route=%2Fwp%2Fv2%2Fproduct_brand&post=2167"},{"taxonomy":"product_cat","embeddable":true,"href":"https:\/\/macronaturalsshop.com\/index.php?rest_route=%2Fwp%2Fv2%2Fproduct_cat&post=2167"},{"taxonomy":"product_tag","embeddable":true,"href":"https:\/\/macronaturalsshop.com\/index.php?rest_route=%2Fwp%2Fv2%2Fproduct_tag&post=2167"}],"curies":[{"name":"wp","href":"https:\/\/api.w.org\/{rel}","templated":true}]}}