{"id":2178,"date":"2025-08-30T01:00:02","date_gmt":"2025-08-30T01:00:02","guid":{"rendered":"https:\/\/macronaturalsshop.com\/?post_type=product&#038;p=2178"},"modified":"2025-08-30T18:23:32","modified_gmt":"2025-08-30T18:23:32","slug":"flexicolagen","status":"publish","type":"product","link":"https:\/\/macronaturalsshop.com\/?product=flexicolagen","title":{"rendered":"Flexicolagen Naranja"},"content":{"rendered":"<p>Articulaciones fuertes, sabor irresistible<br \/>\n\u2013 Con vitamina D3, glucosamina, t\u00e9 verde y \u00e1cido c\u00edtrico.<br \/>\n\u2013 Apoya columna, cadera y articulaciones desgastadas.<br \/>\n\u2013 Energ\u00eda y movilidad con un toque refrescante.<\/p>\n","protected":false},"excerpt":{"rendered":"<p>Articulaciones gastadas<br \/>\nColumna gastada<br \/>\nCaderas gastadas<br \/>\nAyuda al buen funcionamiento de los m\u00fasculos y huesos<\/p>\n","protected":false},"featured_media":5277,"comment_status":"open","ping_status":"closed","template":"","meta":[],"product_brand":[456],"product_cat":[380],"product_tag":[558,502,500,501,520,503],"class_list":{"0":"post-2178","1":"product","2":"type-product","3":"status-publish","4":"has-post-thumbnail","6":"product_brand-betesda","7":"product_cat-articulaciones","8":"product_tag-articulaciones","9":"product_tag-heredia","10":"product_tag-macrobiotica","11":"product_tag-natural","12":"product_tag-natural-shop","13":"product_tag-san-pablo","15":"first","16":"instock","17":"shipping-taxable","18":"purchasable","19":"product-type-simple"},"jetpack_sharing_enabled":true,"_links":{"self":[{"href":"https:\/\/macronaturalsshop.com\/index.php?rest_route=\/wp\/v2\/product\/2178"}],"collection":[{"href":"https:\/\/macronaturalsshop.com\/index.php?rest_route=\/wp\/v2\/product"}],"about":[{"href":"https:\/\/macronaturalsshop.com\/index.php?rest_route=\/wp\/v2\/types\/product"}],"replies":[{"embeddable":true,"href":"https:\/\/macronaturalsshop.com\/index.php?rest_route=%2Fwp%2Fv2%2Fcomments&post=2178"}],"wp:featuredmedia":[{"embeddable":true,"href":"https:\/\/macronaturalsshop.com\/index.php?rest_route=\/wp\/v2\/media\/5277"}],"wp:attachment":[{"href":"https:\/\/macronaturalsshop.com\/index.php?rest_route=%2Fwp%2Fv2%2Fmedia&parent=2178"}],"wp:term":[{"taxonomy":"product_brand","embeddable":true,"href":"https:\/\/macronaturalsshop.com\/index.php?rest_route=%2Fwp%2Fv2%2Fproduct_brand&post=2178"},{"taxonomy":"product_cat","embeddable":true,"href":"https:\/\/macronaturalsshop.com\/index.php?rest_route=%2Fwp%2Fv2%2Fproduct_cat&post=2178"},{"taxonomy":"product_tag","embeddable":true,"href":"https:\/\/macronaturalsshop.com\/index.php?rest_route=%2Fwp%2Fv2%2Fproduct_tag&post=2178"}],"curies":[{"name":"wp","href":"https:\/\/api.w.org\/{rel}","templated":true}]}}