{"id":2193,"date":"2025-08-18T05:00:44","date_gmt":"2025-08-18T05:00:44","guid":{"rendered":"https:\/\/macronaturalsshop.com\/?post_type=product&#038;p=2193"},"modified":"2025-08-19T00:26:51","modified_gmt":"2025-08-19T00:26:51","slug":"goldrink-plus-2","status":"publish","type":"product","link":"https:\/\/macronaturalsshop.com\/?product=goldrink-plus-2","title":{"rendered":"GolDrink"},"content":{"rendered":"<p>Goldrink contiene C\u00farcuma, Coco y Pimienta negra. La curcumina, sustancia activa de la c\u00farcuma es lipofilica, es decir se adhiere a las mol\u00e9culas de grasa, el coco facilita el paso de la c\u00farcuma del intestino a la sangre, una vez en la sangre es transportada por la ven porta hasta el h\u00edgado es aqu\u00ed donde su tercer ingrediente activo la piperina de la pimienta negra induce a un mayor aprovechamiento de la c\u00farcuma.<\/p>\n","protected":false},"excerpt":{"rendered":"<p>Tratamiento coadyuvante para la osteoporosis, osteopenia y fibromialgia.<\/p>\n","protected":false},"featured_media":5153,"comment_status":"open","ping_status":"closed","template":"","meta":[],"product_brand":[456],"product_cat":[430,379],"product_tag":[502,500,501,520,503],"class_list":{"0":"post-2193","1":"product","2":"type-product","3":"status-publish","4":"has-post-thumbnail","6":"product_brand-betesda","7":"product_cat-antinflamatorio-y-dolores","8":"product_cat-sistema-inmunologico","9":"product_tag-heredia","10":"product_tag-macrobiotica","11":"product_tag-natural","12":"product_tag-natural-shop","13":"product_tag-san-pablo","15":"first","16":"instock","17":"shipping-taxable","18":"purchasable","19":"product-type-simple"},"jetpack_sharing_enabled":true,"_links":{"self":[{"href":"https:\/\/macronaturalsshop.com\/index.php?rest_route=\/wp\/v2\/product\/2193"}],"collection":[{"href":"https:\/\/macronaturalsshop.com\/index.php?rest_route=\/wp\/v2\/product"}],"about":[{"href":"https:\/\/macronaturalsshop.com\/index.php?rest_route=\/wp\/v2\/types\/product"}],"replies":[{"embeddable":true,"href":"https:\/\/macronaturalsshop.com\/index.php?rest_route=%2Fwp%2Fv2%2Fcomments&post=2193"}],"wp:featuredmedia":[{"embeddable":true,"href":"https:\/\/macronaturalsshop.com\/index.php?rest_route=\/wp\/v2\/media\/5153"}],"wp:attachment":[{"href":"https:\/\/macronaturalsshop.com\/index.php?rest_route=%2Fwp%2Fv2%2Fmedia&parent=2193"}],"wp:term":[{"taxonomy":"product_brand","embeddable":true,"href":"https:\/\/macronaturalsshop.com\/index.php?rest_route=%2Fwp%2Fv2%2Fproduct_brand&post=2193"},{"taxonomy":"product_cat","embeddable":true,"href":"https:\/\/macronaturalsshop.com\/index.php?rest_route=%2Fwp%2Fv2%2Fproduct_cat&post=2193"},{"taxonomy":"product_tag","embeddable":true,"href":"https:\/\/macronaturalsshop.com\/index.php?rest_route=%2Fwp%2Fv2%2Fproduct_tag&post=2193"}],"curies":[{"name":"wp","href":"https:\/\/api.w.org\/{rel}","templated":true}]}}