{"id":2195,"date":"2025-09-21T07:20:40","date_gmt":"2025-09-21T07:20:40","guid":{"rendered":"https:\/\/macronaturalsshop.com\/?post_type=product&#038;p=2195"},"modified":"2025-09-22T01:39:29","modified_gmt":"2025-09-22T01:39:29","slug":"omegalino","status":"publish","type":"product","link":"https:\/\/macronaturalsshop.com\/?product=omegalino","title":{"rendered":"Omegalino 250ml"},"content":{"rendered":"<ul>\n<li>La fuente m\u00e1s abundante de omega 3, casi 5 veces m\u00e1s que el salm\u00f3n.<\/li>\n<li>Prensado en frio.<\/li>\n<li>Aporta lignanos que quitan los calores de la menopausia.<\/li>\n<li>Lipia las arterias.<\/li>\n<li>Previene el c\u00e1ncer de mama.<\/li>\n<\/ul>\n","protected":false},"excerpt":{"rendered":"<p><strong>Omegalino<\/strong>\u00a0destaca como una de las fuentes m\u00e1s ricas de\u00a0<strong>omega 3<\/strong>\u00a0, proporcionando casi\u00a0<strong>5 veces m\u00e1s que el salm\u00f3n<\/strong>\u00a0. Su proceso de\u00a0<strong>prensado en fr\u00edo<\/strong>\u00a0garantiza la m\u00e1xima pureza y efectividad. Entre sus beneficios se encuentran.<\/p>\n","protected":false},"featured_media":2196,"comment_status":"open","ping_status":"closed","template":"","meta":[],"product_brand":[456],"product_cat":[395],"product_tag":[546,530,541,502,500,501,520,503,547],"class_list":{"0":"post-2195","1":"product","2":"type-product","3":"status-publish","4":"has-post-thumbnail","6":"product_brand-betesda","7":"product_cat-trigliceridos","8":"product_tag-colesterol","9":"product_tag-control-de-estres","10":"product_tag-digestion","11":"product_tag-heredia","12":"product_tag-macrobiotica","13":"product_tag-natural","14":"product_tag-natural-shop","15":"product_tag-san-pablo","16":"product_tag-trigliceridos","18":"first","19":"instock","20":"shipping-taxable","21":"purchasable","22":"product-type-simple"},"jetpack_sharing_enabled":true,"_links":{"self":[{"href":"https:\/\/macronaturalsshop.com\/index.php?rest_route=\/wp\/v2\/product\/2195"}],"collection":[{"href":"https:\/\/macronaturalsshop.com\/index.php?rest_route=\/wp\/v2\/product"}],"about":[{"href":"https:\/\/macronaturalsshop.com\/index.php?rest_route=\/wp\/v2\/types\/product"}],"replies":[{"embeddable":true,"href":"https:\/\/macronaturalsshop.com\/index.php?rest_route=%2Fwp%2Fv2%2Fcomments&post=2195"}],"wp:featuredmedia":[{"embeddable":true,"href":"https:\/\/macronaturalsshop.com\/index.php?rest_route=\/wp\/v2\/media\/2196"}],"wp:attachment":[{"href":"https:\/\/macronaturalsshop.com\/index.php?rest_route=%2Fwp%2Fv2%2Fmedia&parent=2195"}],"wp:term":[{"taxonomy":"product_brand","embeddable":true,"href":"https:\/\/macronaturalsshop.com\/index.php?rest_route=%2Fwp%2Fv2%2Fproduct_brand&post=2195"},{"taxonomy":"product_cat","embeddable":true,"href":"https:\/\/macronaturalsshop.com\/index.php?rest_route=%2Fwp%2Fv2%2Fproduct_cat&post=2195"},{"taxonomy":"product_tag","embeddable":true,"href":"https:\/\/macronaturalsshop.com\/index.php?rest_route=%2Fwp%2Fv2%2Fproduct_tag&post=2195"}],"curies":[{"name":"wp","href":"https:\/\/api.w.org\/{rel}","templated":true}]}}