{"id":2209,"date":"2025-08-30T01:10:51","date_gmt":"2025-08-30T01:10:51","guid":{"rendered":"https:\/\/macronaturalsshop.com\/?post_type=product&#038;p=2209"},"modified":"2025-08-30T19:57:10","modified_gmt":"2025-08-30T19:57:10","slug":"vinagre-de-manzana-con-extracto-de-guarumo-360-ml","status":"publish","type":"product","link":"https:\/\/macronaturalsshop.com\/?product=vinagre-de-manzana-con-extracto-de-guarumo-360-ml","title":{"rendered":"Vinagre de Manzana con Guarumo 360ml"},"content":{"rendered":"<p>Las comidas ricas en carbohidratos aumentan la sensibilidad a la insulina entre un 19 % y un 34 % y reducen significativamente el az\u00facar en la sangre y la respuesta a la insulina. Presi\u00f3n sangu\u00ednea baja, Reducir los niveles de colesterol y triglic\u00e9ridos. Muchos estudios han demostrado que el vinagre de sidra de manzana puede matar las c\u00e9lulas cancerosas y reducir los tumores.<\/p>\n","protected":false},"excerpt":{"rendered":"<p>Uso al gusto, puede utilizarse con las comidas o tomar una cucharada en medio vaso de agua<\/p>\n","protected":false},"featured_media":3876,"comment_status":"open","ping_status":"closed","template":"","meta":[],"product_brand":[456],"product_cat":[421,395,388],"product_tag":[584,502,500,501,520,503],"class_list":{"0":"post-2209","1":"product","2":"type-product","3":"status-publish","4":"has-post-thumbnail","6":"product_brand-betesda","7":"product_cat-alimentos-snacks","8":"product_cat-trigliceridos","9":"product_cat-control-de-peso","10":"product_tag-control-de-peso","11":"product_tag-heredia","12":"product_tag-macrobiotica","13":"product_tag-natural","14":"product_tag-natural-shop","15":"product_tag-san-pablo","17":"first","18":"instock","19":"shipping-taxable","20":"purchasable","21":"product-type-simple"},"jetpack_sharing_enabled":true,"_links":{"self":[{"href":"https:\/\/macronaturalsshop.com\/index.php?rest_route=\/wp\/v2\/product\/2209"}],"collection":[{"href":"https:\/\/macronaturalsshop.com\/index.php?rest_route=\/wp\/v2\/product"}],"about":[{"href":"https:\/\/macronaturalsshop.com\/index.php?rest_route=\/wp\/v2\/types\/product"}],"replies":[{"embeddable":true,"href":"https:\/\/macronaturalsshop.com\/index.php?rest_route=%2Fwp%2Fv2%2Fcomments&post=2209"}],"wp:featuredmedia":[{"embeddable":true,"href":"https:\/\/macronaturalsshop.com\/index.php?rest_route=\/wp\/v2\/media\/3876"}],"wp:attachment":[{"href":"https:\/\/macronaturalsshop.com\/index.php?rest_route=%2Fwp%2Fv2%2Fmedia&parent=2209"}],"wp:term":[{"taxonomy":"product_brand","embeddable":true,"href":"https:\/\/macronaturalsshop.com\/index.php?rest_route=%2Fwp%2Fv2%2Fproduct_brand&post=2209"},{"taxonomy":"product_cat","embeddable":true,"href":"https:\/\/macronaturalsshop.com\/index.php?rest_route=%2Fwp%2Fv2%2Fproduct_cat&post=2209"},{"taxonomy":"product_tag","embeddable":true,"href":"https:\/\/macronaturalsshop.com\/index.php?rest_route=%2Fwp%2Fv2%2Fproduct_tag&post=2209"}],"curies":[{"name":"wp","href":"https:\/\/api.w.org\/{rel}","templated":true}]}}