{"id":2225,"date":"2025-08-31T01:00:23","date_gmt":"2025-08-31T01:00:23","guid":{"rendered":"https:\/\/macronaturalsshop.com\/?post_type=product&#038;p=2225"},"modified":"2025-08-31T16:30:03","modified_gmt":"2025-08-31T16:30:03","slug":"alcachofa-30-capsulas-nutrabasics","status":"publish","type":"product","link":"https:\/\/macronaturalsshop.com\/?product=alcachofa-30-capsulas-nutrabasics","title":{"rendered":"Alcachofa 30cap"},"content":{"rendered":"<p>La alcachofera es una planta perenne y, frecuentemente, cultivada como alimento. Esta planta, debido a sus propiedades, ha sido transformada de planta silvestre a una planta de cultivo. Las hojas de la Alcachofa tienen una compleja composici\u00f3n en principios activos. Destaca su riqueza en \u00e1cidos cafeilqu\u00ednicos y sus derivados, principalmente cinarina y \u00e1cido clorog\u00e9nico. Estos principios activos se encuentran en las hojas, pero, principalmente, en las correspondientes al primer a\u00f1o.<\/p>\n","protected":false},"excerpt":{"rendered":"<p>La alcachofa es un magn\u00edfico depurante del organismo y un buen regulador de la secreci\u00f3n biliar.<\/p>\n","protected":false},"featured_media":5281,"comment_status":"open","ping_status":"closed","template":"","meta":[],"product_brand":[463],"product_cat":[396],"product_tag":[584,541,502,500,501,520,503],"class_list":{"0":"post-2225","1":"product","2":"type-product","3":"status-publish","4":"has-post-thumbnail","6":"product_brand-drasanvi","7":"product_cat-sistema-digestivo","8":"product_tag-control-de-peso","9":"product_tag-digestion","10":"product_tag-heredia","11":"product_tag-macrobiotica","12":"product_tag-natural","13":"product_tag-natural-shop","14":"product_tag-san-pablo","16":"first","17":"instock","18":"shipping-taxable","19":"purchasable","20":"product-type-simple"},"jetpack_sharing_enabled":true,"_links":{"self":[{"href":"https:\/\/macronaturalsshop.com\/index.php?rest_route=\/wp\/v2\/product\/2225"}],"collection":[{"href":"https:\/\/macronaturalsshop.com\/index.php?rest_route=\/wp\/v2\/product"}],"about":[{"href":"https:\/\/macronaturalsshop.com\/index.php?rest_route=\/wp\/v2\/types\/product"}],"replies":[{"embeddable":true,"href":"https:\/\/macronaturalsshop.com\/index.php?rest_route=%2Fwp%2Fv2%2Fcomments&post=2225"}],"wp:featuredmedia":[{"embeddable":true,"href":"https:\/\/macronaturalsshop.com\/index.php?rest_route=\/wp\/v2\/media\/5281"}],"wp:attachment":[{"href":"https:\/\/macronaturalsshop.com\/index.php?rest_route=%2Fwp%2Fv2%2Fmedia&parent=2225"}],"wp:term":[{"taxonomy":"product_brand","embeddable":true,"href":"https:\/\/macronaturalsshop.com\/index.php?rest_route=%2Fwp%2Fv2%2Fproduct_brand&post=2225"},{"taxonomy":"product_cat","embeddable":true,"href":"https:\/\/macronaturalsshop.com\/index.php?rest_route=%2Fwp%2Fv2%2Fproduct_cat&post=2225"},{"taxonomy":"product_tag","embeddable":true,"href":"https:\/\/macronaturalsshop.com\/index.php?rest_route=%2Fwp%2Fv2%2Fproduct_tag&post=2225"}],"curies":[{"name":"wp","href":"https:\/\/api.w.org\/{rel}","templated":true}]}}