{"id":2232,"date":"2025-08-13T07:00:24","date_gmt":"2025-08-13T07:00:24","guid":{"rendered":"https:\/\/macronaturalsshop.com\/?post_type=product&#038;p=2232"},"modified":"2025-08-14T03:05:57","modified_gmt":"2025-08-14T03:05:57","slug":"aceite-de-coco-virgen-extra-bio-500ml-ecosana","status":"publish","type":"product","link":"https:\/\/macronaturalsshop.com\/?product=aceite-de-coco-virgen-extra-bio-500ml-ecosana","title":{"rendered":"Aceite de Coco Extra Virgen 500ml"},"content":{"rendered":"<p>\u00dasalo a tu gusto para cocinar \u00f3 fre\u00edr como sustituto de tu aceite convencional. Tambi\u00e9n puedes emplearlo en tus recetas favoritas de reposter\u00eda.<\/p>\n","protected":false},"excerpt":{"rendered":"<p>El Aceite de Coco Virgen Extra de ECOSANA es obtenido de cocos procedentes de agricultura ecol\u00f3gica. Estos han sido cultivados y recolectados de una manera respetuosa con el medio ambiente, consiguiendo un aceite con todo el sabor y las propiedades naturales del coco. El Aceite de coco es utilizado para cocinar, fre\u00edr y hornear tus recetas gracias a que \u00e9ste no se adultera ni se vuelve t\u00f3xico a altas temperaturas.<\/p>\n","protected":false},"featured_media":3262,"comment_status":"open","ping_status":"closed","template":"","meta":[],"product_brand":[463],"product_cat":[372],"product_tag":[609,502,500,501,520,503],"class_list":{"0":"post-2232","1":"product","2":"type-product","3":"status-publish","4":"has-post-thumbnail","6":"product_brand-drasanvi","7":"product_cat-aceites","8":"product_tag-aceite-de-coco","9":"product_tag-heredia","10":"product_tag-macrobiotica","11":"product_tag-natural","12":"product_tag-natural-shop","13":"product_tag-san-pablo","15":"first","16":"instock","17":"shipping-taxable","18":"purchasable","19":"product-type-simple"},"jetpack_sharing_enabled":true,"_links":{"self":[{"href":"https:\/\/macronaturalsshop.com\/index.php?rest_route=\/wp\/v2\/product\/2232"}],"collection":[{"href":"https:\/\/macronaturalsshop.com\/index.php?rest_route=\/wp\/v2\/product"}],"about":[{"href":"https:\/\/macronaturalsshop.com\/index.php?rest_route=\/wp\/v2\/types\/product"}],"replies":[{"embeddable":true,"href":"https:\/\/macronaturalsshop.com\/index.php?rest_route=%2Fwp%2Fv2%2Fcomments&post=2232"}],"wp:featuredmedia":[{"embeddable":true,"href":"https:\/\/macronaturalsshop.com\/index.php?rest_route=\/wp\/v2\/media\/3262"}],"wp:attachment":[{"href":"https:\/\/macronaturalsshop.com\/index.php?rest_route=%2Fwp%2Fv2%2Fmedia&parent=2232"}],"wp:term":[{"taxonomy":"product_brand","embeddable":true,"href":"https:\/\/macronaturalsshop.com\/index.php?rest_route=%2Fwp%2Fv2%2Fproduct_brand&post=2232"},{"taxonomy":"product_cat","embeddable":true,"href":"https:\/\/macronaturalsshop.com\/index.php?rest_route=%2Fwp%2Fv2%2Fproduct_cat&post=2232"},{"taxonomy":"product_tag","embeddable":true,"href":"https:\/\/macronaturalsshop.com\/index.php?rest_route=%2Fwp%2Fv2%2Fproduct_tag&post=2232"}],"curies":[{"name":"wp","href":"https:\/\/api.w.org\/{rel}","templated":true}]}}