{"id":2236,"date":"2025-07-20T23:06:25","date_gmt":"2025-07-20T23:06:25","guid":{"rendered":"https:\/\/macronaturalsshop.com\/?post_type=product&#038;p=2236"},"modified":"2025-07-23T01:15:29","modified_gmt":"2025-07-23T01:15:29","slug":"aceite-esencial-arbol-de-te-18ml","status":"publish","type":"product","link":"https:\/\/macronaturalsshop.com\/?product=aceite-esencial-arbol-de-te-18ml","title":{"rendered":"Aceite \u00c1rbol De T\u00e9 18ml"},"content":{"rendered":"<p>Se trata de un producto con numerosas aplicaciones, pudiendo utilizarse directamente o bien diluido en alguna base (aceite vegetal, crema, desodorante&#8230;). Algunas formas de utilizarlo:<br \/>\n&#8211; Aplicar sobre una picadura de insectos.<br \/>\n&#8211; Aplicar sobre cut\u00edculas de las u\u00f1as de los pies cuando exista la presencia de hongos.<br \/>\n&#8211; Utilizar contra herpes labiales.<br \/>\n&#8211; Una vez limpia la herida superficial o corte, aplicarlo directamente, varias veces al d\u00eda.<br \/>\n&#8211; Mezclar con champ\u00fa para luchar contra los piojos.<\/p>\n","protected":false},"excerpt":{"rendered":"<p>Su composici\u00f3n y su acci\u00f3n antis\u00e9ptica natural lo convierte en un aceite \u00fatil para heridas, peque\u00f1os cortes, herpes simples, hongos en las u\u00f1as o acn\u00e9.<\/p>\n","protected":false},"featured_media":2237,"comment_status":"open","ping_status":"closed","template":"","meta":[],"product_brand":[463],"product_cat":[374,408],"product_tag":[502,500,501,516,514,515,503],"class_list":{"0":"post-2236","1":"product","2":"type-product","3":"status-publish","4":"has-post-thumbnail","6":"product_brand-drasanvi","7":"product_cat-aceites-esenciales","8":"product_cat-cuidado-personal","9":"product_tag-heredia","10":"product_tag-macrobiotica","11":"product_tag-natural","12":"product_tag-picadura","13":"product_tag-piojos","14":"product_tag-quitar-hongos","15":"product_tag-san-pablo","17":"first","18":"instock","19":"shipping-taxable","20":"purchasable","21":"product-type-simple"},"jetpack_sharing_enabled":true,"_links":{"self":[{"href":"https:\/\/macronaturalsshop.com\/index.php?rest_route=\/wp\/v2\/product\/2236"}],"collection":[{"href":"https:\/\/macronaturalsshop.com\/index.php?rest_route=\/wp\/v2\/product"}],"about":[{"href":"https:\/\/macronaturalsshop.com\/index.php?rest_route=\/wp\/v2\/types\/product"}],"replies":[{"embeddable":true,"href":"https:\/\/macronaturalsshop.com\/index.php?rest_route=%2Fwp%2Fv2%2Fcomments&post=2236"}],"wp:featuredmedia":[{"embeddable":true,"href":"https:\/\/macronaturalsshop.com\/index.php?rest_route=\/wp\/v2\/media\/2237"}],"wp:attachment":[{"href":"https:\/\/macronaturalsshop.com\/index.php?rest_route=%2Fwp%2Fv2%2Fmedia&parent=2236"}],"wp:term":[{"taxonomy":"product_brand","embeddable":true,"href":"https:\/\/macronaturalsshop.com\/index.php?rest_route=%2Fwp%2Fv2%2Fproduct_brand&post=2236"},{"taxonomy":"product_cat","embeddable":true,"href":"https:\/\/macronaturalsshop.com\/index.php?rest_route=%2Fwp%2Fv2%2Fproduct_cat&post=2236"},{"taxonomy":"product_tag","embeddable":true,"href":"https:\/\/macronaturalsshop.com\/index.php?rest_route=%2Fwp%2Fv2%2Fproduct_tag&post=2236"}],"curies":[{"name":"wp","href":"https:\/\/api.w.org\/{rel}","templated":true}]}}