{"id":2238,"date":"2025-08-31T01:01:06","date_gmt":"2025-08-31T01:01:06","guid":{"rendered":"https:\/\/macronaturalsshop.com\/?post_type=product&#038;p=2238"},"modified":"2025-08-31T16:40:21","modified_gmt":"2025-08-31T16:40:21","slug":"ajo-negro-24-capsulas-nutrabasics","status":"publish","type":"product","link":"https:\/\/macronaturalsshop.com\/?product=ajo-negro-24-capsulas-nutrabasics","title":{"rendered":"Ajo Negro"},"content":{"rendered":"<p>El Ajo negro\u00a0 es conocido por su olor y sabor caracter\u00edstico, lo que hace que, a veces, sea evitado por estos motivos. Este bulbo pasa por un proceso de fermentaci\u00f3n para obtener el preciado Ajo Negro. En el proceso adquiere un sabor dulce de fondo bals\u00e1mico con un regusto a regaliz. La avanzada tecnolog\u00eda que controla la temperatura y la humedad del proceso logra extraer los compuestos buscados eliminando el sabor y olor penetrantes del Ajo Negro.<\/p>\n","protected":false},"excerpt":{"rendered":"<p>Mejora la salud cardiovascular, ayudando a reducir el colesterol y la presi\u00f3n arterial, y para fortalecer el sistema inmunitario debido a sus propiedades antioxidantes.\u00a0Tambi\u00e9n se asocia con la prevenci\u00f3n de ciertos tipos de c\u00e1ncer, la mejora de la memoria y el apoyo al funcionamiento del coraz\u00f3n.<\/p>\n","protected":false},"featured_media":5282,"comment_status":"open","ping_status":"closed","template":"","meta":[],"product_brand":[463],"product_cat":[379],"product_tag":[564,502,500,501,520,579,503],"class_list":{"0":"post-2238","1":"product","2":"type-product","3":"status-publish","4":"has-post-thumbnail","6":"product_brand-drasanvi","7":"product_cat-sistema-inmunologico","8":"product_tag-antioxidante","9":"product_tag-heredia","10":"product_tag-macrobiotica","11":"product_tag-natural","12":"product_tag-natural-shop","13":"product_tag-presion-alta","14":"product_tag-san-pablo","16":"first","17":"instock","18":"shipping-taxable","19":"purchasable","20":"product-type-simple"},"jetpack_sharing_enabled":true,"_links":{"self":[{"href":"https:\/\/macronaturalsshop.com\/index.php?rest_route=\/wp\/v2\/product\/2238"}],"collection":[{"href":"https:\/\/macronaturalsshop.com\/index.php?rest_route=\/wp\/v2\/product"}],"about":[{"href":"https:\/\/macronaturalsshop.com\/index.php?rest_route=\/wp\/v2\/types\/product"}],"replies":[{"embeddable":true,"href":"https:\/\/macronaturalsshop.com\/index.php?rest_route=%2Fwp%2Fv2%2Fcomments&post=2238"}],"wp:featuredmedia":[{"embeddable":true,"href":"https:\/\/macronaturalsshop.com\/index.php?rest_route=\/wp\/v2\/media\/5282"}],"wp:attachment":[{"href":"https:\/\/macronaturalsshop.com\/index.php?rest_route=%2Fwp%2Fv2%2Fmedia&parent=2238"}],"wp:term":[{"taxonomy":"product_brand","embeddable":true,"href":"https:\/\/macronaturalsshop.com\/index.php?rest_route=%2Fwp%2Fv2%2Fproduct_brand&post=2238"},{"taxonomy":"product_cat","embeddable":true,"href":"https:\/\/macronaturalsshop.com\/index.php?rest_route=%2Fwp%2Fv2%2Fproduct_cat&post=2238"},{"taxonomy":"product_tag","embeddable":true,"href":"https:\/\/macronaturalsshop.com\/index.php?rest_route=%2Fwp%2Fv2%2Fproduct_tag&post=2238"}],"curies":[{"name":"wp","href":"https:\/\/api.w.org\/{rel}","templated":true}]}}