{"id":2242,"date":"2025-08-31T01:05:39","date_gmt":"2025-08-31T01:05:39","guid":{"rendered":"https:\/\/macronaturalsshop.com\/?post_type=product&#038;p=2242"},"modified":"2025-08-31T16:51:22","modified_gmt":"2025-08-31T16:51:22","slug":"bcaas-glutamina-kyowa-sabor-limon-275-g-sport-live","status":"publish","type":"product","link":"https:\/\/macronaturalsshop.com\/?product=bcaas-glutamina-kyowa-sabor-limon-275-g-sport-live","title":{"rendered":"BCAAS + Glutamina Kyowa Sabor Lim\u00f3n Sport Live"},"content":{"rendered":"<p>Los amino\u00e1cidos ramificados, tambi\u00e9n llamados BCAA\u2032s (Las siglas de Branched-Chain Amino Acids) son tres: Leucina, Isoleucina y Valina. Se trata de amino\u00e1cidos esenciales que nuestro cuerpo no es capaz desintetizar por s\u00ed mismo, siendo necesario incorporarlos en nuestra dieta.Los amino\u00e1cidos son las unidades esenciales de las prote\u00ednas, que posteriormente entran a formar parte de m\u00fasculos, cart\u00edlagos e, incluso, son fundamentales para el sistema inmunitario. En ciertas situaciones como el ejercicio intenso, nuestro cuerpo degrada los amino\u00e1cidos que forman parte de nuestras prote\u00ednas musculares. Por este motivo, y en esta situaci\u00f3n, es interesante el consumo de amino\u00e1cidos ramificados. Siguiendo las recomendaciones de los \u00faltimos estudios publicados, incluimos una proporci\u00f3n de BCAA\u2032s 8:1:1 (L-Leucina, L-Isoleucina y L-Valina, respectivamente), con mayor cantidad deL-Leucina que la proporci\u00f3n utilizada tradicionalmente, de 2:1:1. La f\u00f3rmula est\u00e1 reforzada con L-Glutamina.<\/p>\n","protected":false},"excerpt":{"rendered":"<p>Los BCAA (siglas en ingl\u00e9s de Amino\u00e1cidos de Cadena Ramificada o Branched-Chain Amino Acids) son fundamentales para la construcci\u00f3n y mantenimiento muscular, la reducci\u00f3n de la fatiga y la recuperaci\u00f3n tras el ejercicio f\u00edsico.<\/p>\n","protected":false},"featured_media":5283,"comment_status":"open","ping_status":"closed","template":"","meta":[],"product_brand":[463],"product_cat":[385],"product_tag":[613,502,500,561,501,520,503],"class_list":{"0":"post-2242","1":"product","2":"type-product","3":"status-publish","4":"has-post-thumbnail","6":"product_brand-drasanvi","7":"product_cat-deporte","8":"product_tag-fatiga","9":"product_tag-heredia","10":"product_tag-macrobiotica","11":"product_tag-musculos","12":"product_tag-natural","13":"product_tag-natural-shop","14":"product_tag-san-pablo","16":"first","17":"instock","18":"shipping-taxable","19":"purchasable","20":"product-type-simple"},"jetpack_sharing_enabled":true,"_links":{"self":[{"href":"https:\/\/macronaturalsshop.com\/index.php?rest_route=\/wp\/v2\/product\/2242"}],"collection":[{"href":"https:\/\/macronaturalsshop.com\/index.php?rest_route=\/wp\/v2\/product"}],"about":[{"href":"https:\/\/macronaturalsshop.com\/index.php?rest_route=\/wp\/v2\/types\/product"}],"replies":[{"embeddable":true,"href":"https:\/\/macronaturalsshop.com\/index.php?rest_route=%2Fwp%2Fv2%2Fcomments&post=2242"}],"wp:featuredmedia":[{"embeddable":true,"href":"https:\/\/macronaturalsshop.com\/index.php?rest_route=\/wp\/v2\/media\/5283"}],"wp:attachment":[{"href":"https:\/\/macronaturalsshop.com\/index.php?rest_route=%2Fwp%2Fv2%2Fmedia&parent=2242"}],"wp:term":[{"taxonomy":"product_brand","embeddable":true,"href":"https:\/\/macronaturalsshop.com\/index.php?rest_route=%2Fwp%2Fv2%2Fproduct_brand&post=2242"},{"taxonomy":"product_cat","embeddable":true,"href":"https:\/\/macronaturalsshop.com\/index.php?rest_route=%2Fwp%2Fv2%2Fproduct_cat&post=2242"},{"taxonomy":"product_tag","embeddable":true,"href":"https:\/\/macronaturalsshop.com\/index.php?rest_route=%2Fwp%2Fv2%2Fproduct_tag&post=2242"}],"curies":[{"name":"wp","href":"https:\/\/api.w.org\/{rel}","templated":true}]}}