{"id":2244,"date":"2025-08-31T01:10:56","date_gmt":"2025-08-31T01:10:56","guid":{"rendered":"https:\/\/macronaturalsshop.com\/?post_type=product&#038;p=2244"},"modified":"2025-08-31T17:02:30","modified_gmt":"2025-08-31T17:02:30","slug":"azucar-de-abedul-300-g-doypack-superalimentos","status":"publish","type":"product","link":"https:\/\/macronaturalsshop.com\/?product=azucar-de-abedul-300-g-doypack-superalimentos","title":{"rendered":"Az\u00facar de Abedul 300 g Doypack"},"content":{"rendered":"<p>El Az\u00facar de Abedul, tambi\u00e9n conocido como Xilitol, se trata de un delicioso sustituto del az\u00facar. Su origen es la corteza de abedules, aunque tambi\u00e9n se puede extraer de otras plantas. Este az\u00facar posee un sabor refrescante muy similar al de la sacarosa. La diferencia que presenta con esta es que tiene un 40% menos de calor\u00edas y un \u00cdndice Gluc\u00e9mico pr\u00f3ximo a 7 (frente a 64 del az\u00facar). Adem\u00e1s de su agradable sabor y su bajo \u00cdndice Gluc\u00e9mico, cabe destacar su contribuci\u00f3n al mantenimiento de la mineralizaci\u00f3n de los dientes.<\/p>\n<p>Bajo \u00cdndice Gluc\u00e9mico<br \/>\nEl \u00cdndice Gluc\u00e9mico muestra la cantidad de hidratos de carbono que se libera en un producto. Los productos con alto \u00cdndice Gluc\u00e9mico implican una r\u00e1pida absorci\u00f3n y un cambio brusco del nivel de carbohidratos en sangre. Sin embargo, en los productos con un \u00cdndice Gluc\u00e9mico bajo la liberaci\u00f3n es m\u00e1s prolongada, no alterando en exceso los niveles de az\u00facar en sangre.<\/p>\n","protected":false},"excerpt":{"rendered":"<p>El Az\u00facar de Abedul, tambi\u00e9n conocido como Xilitol, se trata de un delicioso sustituto del az\u00facar.<\/p>\n","protected":false},"featured_media":2245,"comment_status":"open","ping_status":"closed","template":"","meta":[],"product_brand":[463],"product_cat":[393],"product_tag":[502,500,501,520,503],"class_list":{"0":"post-2244","1":"product","2":"type-product","3":"status-publish","4":"has-post-thumbnail","6":"product_brand-drasanvi","7":"product_cat-energia","8":"product_tag-heredia","9":"product_tag-macrobiotica","10":"product_tag-natural","11":"product_tag-natural-shop","12":"product_tag-san-pablo","14":"first","15":"instock","16":"shipping-taxable","17":"purchasable","18":"product-type-simple"},"jetpack_sharing_enabled":true,"_links":{"self":[{"href":"https:\/\/macronaturalsshop.com\/index.php?rest_route=\/wp\/v2\/product\/2244"}],"collection":[{"href":"https:\/\/macronaturalsshop.com\/index.php?rest_route=\/wp\/v2\/product"}],"about":[{"href":"https:\/\/macronaturalsshop.com\/index.php?rest_route=\/wp\/v2\/types\/product"}],"replies":[{"embeddable":true,"href":"https:\/\/macronaturalsshop.com\/index.php?rest_route=%2Fwp%2Fv2%2Fcomments&post=2244"}],"wp:featuredmedia":[{"embeddable":true,"href":"https:\/\/macronaturalsshop.com\/index.php?rest_route=\/wp\/v2\/media\/2245"}],"wp:attachment":[{"href":"https:\/\/macronaturalsshop.com\/index.php?rest_route=%2Fwp%2Fv2%2Fmedia&parent=2244"}],"wp:term":[{"taxonomy":"product_brand","embeddable":true,"href":"https:\/\/macronaturalsshop.com\/index.php?rest_route=%2Fwp%2Fv2%2Fproduct_brand&post=2244"},{"taxonomy":"product_cat","embeddable":true,"href":"https:\/\/macronaturalsshop.com\/index.php?rest_route=%2Fwp%2Fv2%2Fproduct_cat&post=2244"},{"taxonomy":"product_tag","embeddable":true,"href":"https:\/\/macronaturalsshop.com\/index.php?rest_route=%2Fwp%2Fv2%2Fproduct_tag&post=2244"}],"curies":[{"name":"wp","href":"https:\/\/api.w.org\/{rel}","templated":true}]}}