{"id":2248,"date":"2025-08-31T01:20:27","date_gmt":"2025-08-31T01:20:27","guid":{"rendered":"https:\/\/macronaturalsshop.com\/?post_type=product&#038;p=2248"},"modified":"2025-08-31T17:20:07","modified_gmt":"2025-08-31T17:20:07","slug":"cetonas-de-frambuesa-60-comprimidos","status":"publish","type":"product","link":"https:\/\/macronaturalsshop.com\/?product=cetonas-de-frambuesa-60-comprimidos","title":{"rendered":"Cetonas de Frambuesa"},"content":{"rendered":"<p>Cetonas de Frambuesa de Drasanvi son un complemento alimenticio formulado con Cetonas de Frambuesa, reforzada con ingredientes como el Mango Africano, L-carnitina, T\u00e9 Verde, A\u00e7ai y Guaran\u00e1. Adem\u00e1s, est\u00e1 enriquecida con Cromo que contribuye al correcto metabolismo de los macronutrientes.<\/p>\n","protected":false},"excerpt":{"rendered":"<p>Las cetonas de frambuesas aceleran de manera efectiva el metabolismo por medio de la actividad f\u00edsica , lo que facilita la quema de grasa y a su ve ayuda a saciar el apetito.<\/p>\n","protected":false},"featured_media":2249,"comment_status":"open","ping_status":"closed","template":"","meta":[],"product_brand":[463],"product_cat":[388],"product_tag":[584,502,500,501,520,503],"class_list":{"0":"post-2248","1":"product","2":"type-product","3":"status-publish","4":"has-post-thumbnail","6":"product_brand-drasanvi","7":"product_cat-control-de-peso","8":"product_tag-control-de-peso","9":"product_tag-heredia","10":"product_tag-macrobiotica","11":"product_tag-natural","12":"product_tag-natural-shop","13":"product_tag-san-pablo","15":"first","16":"instock","17":"shipping-taxable","18":"purchasable","19":"product-type-simple"},"jetpack_sharing_enabled":true,"_links":{"self":[{"href":"https:\/\/macronaturalsshop.com\/index.php?rest_route=\/wp\/v2\/product\/2248"}],"collection":[{"href":"https:\/\/macronaturalsshop.com\/index.php?rest_route=\/wp\/v2\/product"}],"about":[{"href":"https:\/\/macronaturalsshop.com\/index.php?rest_route=\/wp\/v2\/types\/product"}],"replies":[{"embeddable":true,"href":"https:\/\/macronaturalsshop.com\/index.php?rest_route=%2Fwp%2Fv2%2Fcomments&post=2248"}],"wp:featuredmedia":[{"embeddable":true,"href":"https:\/\/macronaturalsshop.com\/index.php?rest_route=\/wp\/v2\/media\/2249"}],"wp:attachment":[{"href":"https:\/\/macronaturalsshop.com\/index.php?rest_route=%2Fwp%2Fv2%2Fmedia&parent=2248"}],"wp:term":[{"taxonomy":"product_brand","embeddable":true,"href":"https:\/\/macronaturalsshop.com\/index.php?rest_route=%2Fwp%2Fv2%2Fproduct_brand&post=2248"},{"taxonomy":"product_cat","embeddable":true,"href":"https:\/\/macronaturalsshop.com\/index.php?rest_route=%2Fwp%2Fv2%2Fproduct_cat&post=2248"},{"taxonomy":"product_tag","embeddable":true,"href":"https:\/\/macronaturalsshop.com\/index.php?rest_route=%2Fwp%2Fv2%2Fproduct_tag&post=2248"}],"curies":[{"name":"wp","href":"https:\/\/api.w.org\/{rel}","templated":true}]}}