{"id":2252,"date":"2025-08-13T07:05:58","date_gmt":"2025-08-13T07:05:58","guid":{"rendered":"https:\/\/macronaturalsshop.com\/?post_type=product&#038;p=2252"},"modified":"2025-08-14T03:20:28","modified_gmt":"2025-08-14T03:20:28","slug":"vitamina-h-500-%c2%b5g-biotina-90-comprimidos","status":"publish","type":"product","link":"https:\/\/macronaturalsshop.com\/?product=vitamina-h-500-%c2%b5g-biotina-90-comprimidos","title":{"rendered":"Biotina 500mg"},"content":{"rendered":"<p>La Biotina tambi\u00e9n se conoce con los nombres de Vitamina H y Vitamina B7. Es una vitamina soluble en agua. La deficiencia de biotina puede causar debilitamiento del cabello y p\u00e9rdida de bello corporal; erupci\u00f3n cut\u00e1nea alrededor de los ojos, la nariz, la boca y la zona anal; orzuelos; concentraciones altas de \u00e1cido en la sangre y la orina; convulsiones; infecci\u00f3n de la piel; u\u00f1as fr\u00e1giles; y trastornos del sistema nervioso.<\/p>\n","protected":false},"excerpt":{"rendered":"<p>La Biotina tambi\u00e9n se conoce con los nombres de Vitamina H y Vitamina B7. Es una vitamina soluble en agua.La deficiencia de biotina puede causar debilitamiento del cabello y p\u00e9rdida de bello corporal; erupci\u00f3n cut\u00e1nea alrededor de los ojos, la nariz, la boca y la zona anal; orzuelos; concentraciones altas de \u00e1cido en la sangre y la orina; convulsiones; infecci\u00f3n de la piel; u\u00f1as fr\u00e1giles; y trastornos del sistema nervioso.<\/p>\n","protected":false},"featured_media":4988,"comment_status":"open","ping_status":"closed","template":"","meta":[],"product_brand":[463],"product_cat":[15,408,393],"product_tag":[582,502,500,501,520,509,503,581],"class_list":{"0":"post-2252","1":"product","2":"type-product","3":"status-publish","4":"has-post-thumbnail","6":"product_brand-drasanvi","7":"product_cat-uncategorized","8":"product_cat-cuidado-personal","9":"product_cat-energia","10":"product_tag-cabello","11":"product_tag-heredia","12":"product_tag-macrobiotica","13":"product_tag-natural","14":"product_tag-natural-shop","15":"product_tag-piel","16":"product_tag-san-pablo","17":"product_tag-unas","19":"first","20":"instock","21":"shipping-taxable","22":"purchasable","23":"product-type-simple"},"jetpack_sharing_enabled":true,"_links":{"self":[{"href":"https:\/\/macronaturalsshop.com\/index.php?rest_route=\/wp\/v2\/product\/2252"}],"collection":[{"href":"https:\/\/macronaturalsshop.com\/index.php?rest_route=\/wp\/v2\/product"}],"about":[{"href":"https:\/\/macronaturalsshop.com\/index.php?rest_route=\/wp\/v2\/types\/product"}],"replies":[{"embeddable":true,"href":"https:\/\/macronaturalsshop.com\/index.php?rest_route=%2Fwp%2Fv2%2Fcomments&post=2252"}],"wp:featuredmedia":[{"embeddable":true,"href":"https:\/\/macronaturalsshop.com\/index.php?rest_route=\/wp\/v2\/media\/4988"}],"wp:attachment":[{"href":"https:\/\/macronaturalsshop.com\/index.php?rest_route=%2Fwp%2Fv2%2Fmedia&parent=2252"}],"wp:term":[{"taxonomy":"product_brand","embeddable":true,"href":"https:\/\/macronaturalsshop.com\/index.php?rest_route=%2Fwp%2Fv2%2Fproduct_brand&post=2252"},{"taxonomy":"product_cat","embeddable":true,"href":"https:\/\/macronaturalsshop.com\/index.php?rest_route=%2Fwp%2Fv2%2Fproduct_cat&post=2252"},{"taxonomy":"product_tag","embeddable":true,"href":"https:\/\/macronaturalsshop.com\/index.php?rest_route=%2Fwp%2Fv2%2Fproduct_tag&post=2252"}],"curies":[{"name":"wp","href":"https:\/\/api.w.org\/{rel}","templated":true}]}}