{"id":2265,"date":"2025-08-31T01:25:24","date_gmt":"2025-08-31T01:25:24","guid":{"rendered":"https:\/\/macronaturalsshop.com\/?post_type=product&#038;p=2265"},"modified":"2025-09-22T00:30:39","modified_gmt":"2025-09-22T00:30:39","slug":"lecitina-1200mg","status":"publish","type":"product","link":"https:\/\/macronaturalsshop.com\/?product=lecitina-1200mg","title":{"rendered":"Lecitina 1200mg"},"content":{"rendered":"<p>La lecitina es rica en \u00e1cidos grasos Omega 3 y Omega 6 y fosfol\u00edpidos, ademas es fuente de Vitamina B, especialmente colina.<\/p>\n","protected":false},"excerpt":{"rendered":"<p>Ayudar a mejorar los niveles de colesterol, apoyar la salud del h\u00edgado al reducir las grasas y prevenir el h\u00edgado graso, y potenciar la funci\u00f3n cerebral mejorando la memoria y la concentraci\u00f3n.<\/p>\n","protected":false},"featured_media":5286,"comment_status":"open","ping_status":"closed","template":"","meta":[],"product_brand":[482],"product_cat":[395],"product_tag":[546,502,500,501,520,503],"class_list":{"0":"post-2265","1":"product","2":"type-product","3":"status-publish","4":"has-post-thumbnail","6":"product_brand-natural-system","7":"product_cat-trigliceridos","8":"product_tag-colesterol","9":"product_tag-heredia","10":"product_tag-macrobiotica","11":"product_tag-natural","12":"product_tag-natural-shop","13":"product_tag-san-pablo","15":"first","16":"instock","17":"shipping-taxable","18":"purchasable","19":"product-type-simple"},"jetpack_sharing_enabled":true,"_links":{"self":[{"href":"https:\/\/macronaturalsshop.com\/index.php?rest_route=\/wp\/v2\/product\/2265"}],"collection":[{"href":"https:\/\/macronaturalsshop.com\/index.php?rest_route=\/wp\/v2\/product"}],"about":[{"href":"https:\/\/macronaturalsshop.com\/index.php?rest_route=\/wp\/v2\/types\/product"}],"replies":[{"embeddable":true,"href":"https:\/\/macronaturalsshop.com\/index.php?rest_route=%2Fwp%2Fv2%2Fcomments&post=2265"}],"wp:featuredmedia":[{"embeddable":true,"href":"https:\/\/macronaturalsshop.com\/index.php?rest_route=\/wp\/v2\/media\/5286"}],"wp:attachment":[{"href":"https:\/\/macronaturalsshop.com\/index.php?rest_route=%2Fwp%2Fv2%2Fmedia&parent=2265"}],"wp:term":[{"taxonomy":"product_brand","embeddable":true,"href":"https:\/\/macronaturalsshop.com\/index.php?rest_route=%2Fwp%2Fv2%2Fproduct_brand&post=2265"},{"taxonomy":"product_cat","embeddable":true,"href":"https:\/\/macronaturalsshop.com\/index.php?rest_route=%2Fwp%2Fv2%2Fproduct_cat&post=2265"},{"taxonomy":"product_tag","embeddable":true,"href":"https:\/\/macronaturalsshop.com\/index.php?rest_route=%2Fwp%2Fv2%2Fproduct_tag&post=2265"}],"curies":[{"name":"wp","href":"https:\/\/api.w.org\/{rel}","templated":true}]}}