{"id":2267,"date":"2025-08-31T01:25:07","date_gmt":"2025-08-31T01:25:07","guid":{"rendered":"https:\/\/macronaturalsshop.com\/?post_type=product&#038;p=2267"},"modified":"2025-08-31T17:48:21","modified_gmt":"2025-08-31T17:48:21","slug":"zinc-gluconate-120-mg-100-softgels","status":"publish","type":"product","link":"https:\/\/macronaturalsshop.com\/?product=zinc-gluconate-120-mg-100-softgels","title":{"rendered":"Zinc Gluconate 120mg"},"content":{"rendered":"<p>El consumo de este mineral acelera la curaci\u00f3n de heridas, coadyuvante en el tratamiento de la infertilidad masculina, ayuda en la mayor\u00eda de los problemas prost\u00e1ticos. Se utiliza en el tratamiento de acn\u00e9, es necesario para las funciones cerebrales y quita las manchas blancas de las u\u00f1as y las fortalece.<\/p>\n","protected":false},"excerpt":{"rendered":"<p>El Zinc coadyuva al mantenimiento normal de la piel, es la primera l\u00ednea de defensa del cuerpo, contribuye a la protecci\u00f3n de las c\u00e9lulas frente al da\u00f1o oxidativo, al funcionamiento normal del sistema inmunitario, acompa\u00f1ado de una adecuada alimentaci\u00f3n, el zinc fortalece las u\u00f1as. <\/p>\n","protected":false},"featured_media":2268,"comment_status":"open","ping_status":"closed","template":"","meta":[],"product_brand":[482],"product_cat":[408],"product_tag":[524,502,500,501,520,503,581],"class_list":{"0":"post-2267","1":"product","2":"type-product","3":"status-publish","4":"has-post-thumbnail","6":"product_brand-natural-system","7":"product_cat-cuidado-personal","8":"product_tag-cuidado-de-piel","9":"product_tag-heredia","10":"product_tag-macrobiotica","11":"product_tag-natural","12":"product_tag-natural-shop","13":"product_tag-san-pablo","14":"product_tag-unas","16":"first","17":"instock","18":"shipping-taxable","19":"purchasable","20":"product-type-simple"},"jetpack_sharing_enabled":true,"_links":{"self":[{"href":"https:\/\/macronaturalsshop.com\/index.php?rest_route=\/wp\/v2\/product\/2267"}],"collection":[{"href":"https:\/\/macronaturalsshop.com\/index.php?rest_route=\/wp\/v2\/product"}],"about":[{"href":"https:\/\/macronaturalsshop.com\/index.php?rest_route=\/wp\/v2\/types\/product"}],"replies":[{"embeddable":true,"href":"https:\/\/macronaturalsshop.com\/index.php?rest_route=%2Fwp%2Fv2%2Fcomments&post=2267"}],"wp:featuredmedia":[{"embeddable":true,"href":"https:\/\/macronaturalsshop.com\/index.php?rest_route=\/wp\/v2\/media\/2268"}],"wp:attachment":[{"href":"https:\/\/macronaturalsshop.com\/index.php?rest_route=%2Fwp%2Fv2%2Fmedia&parent=2267"}],"wp:term":[{"taxonomy":"product_brand","embeddable":true,"href":"https:\/\/macronaturalsshop.com\/index.php?rest_route=%2Fwp%2Fv2%2Fproduct_brand&post=2267"},{"taxonomy":"product_cat","embeddable":true,"href":"https:\/\/macronaturalsshop.com\/index.php?rest_route=%2Fwp%2Fv2%2Fproduct_cat&post=2267"},{"taxonomy":"product_tag","embeddable":true,"href":"https:\/\/macronaturalsshop.com\/index.php?rest_route=%2Fwp%2Fv2%2Fproduct_tag&post=2267"}],"curies":[{"name":"wp","href":"https:\/\/api.w.org\/{rel}","templated":true}]}}