{"id":2269,"date":"2025-08-16T01:21:06","date_gmt":"2025-08-16T01:21:06","guid":{"rendered":"https:\/\/macronaturalsshop.com\/?post_type=product&#038;p=2269"},"modified":"2025-08-16T20:33:42","modified_gmt":"2025-08-16T20:33:42","slug":"omega-3-epa-dha-100-softgels","status":"publish","type":"product","link":"https:\/\/macronaturalsshop.com\/?product=omega-3-epa-dha-100-softgels","title":{"rendered":"Omega 3 EPA+DHA \/1.3 mg Aceite de Salm\u00f3n"},"content":{"rendered":"<p>Nuestro aceite omega 3 EPA es derivado de pescados  de aguas fr\u00edas de los mares del norte. Los \u00e1cidos grasos son esenciales para la formaci\u00f3n de la membrana celular. Las membranas celulares fuertes protegen las c\u00e9lulas fuertes protegen las c\u00e9lulas de toxinas, bacteria, virus y alergenos. Regula el sistema cardiovascular y ayuda a bajar los niveles de colesterol.<\/p>\n","protected":false},"excerpt":{"rendered":"<p>\u00c1cido graso esencial, junto a una alimentaci\u00f3n saludable y ejercicio benefician el sistema cardiovascular. Coadyuvante en regular los niveles de colesterol alto.<\/p>\n","protected":false},"featured_media":2270,"comment_status":"open","ping_status":"closed","template":"","meta":[],"product_brand":[482],"product_cat":[395],"product_tag":[583,546,502,500,501,520,503],"class_list":{"0":"post-2269","1":"product","2":"type-product","3":"status-publish","4":"has-post-thumbnail","6":"product_brand-natural-system","7":"product_cat-trigliceridos","8":"product_tag-cardiovascular","9":"product_tag-colesterol","10":"product_tag-heredia","11":"product_tag-macrobiotica","12":"product_tag-natural","13":"product_tag-natural-shop","14":"product_tag-san-pablo","16":"first","17":"instock","18":"shipping-taxable","19":"purchasable","20":"product-type-simple"},"jetpack_sharing_enabled":true,"_links":{"self":[{"href":"https:\/\/macronaturalsshop.com\/index.php?rest_route=\/wp\/v2\/product\/2269"}],"collection":[{"href":"https:\/\/macronaturalsshop.com\/index.php?rest_route=\/wp\/v2\/product"}],"about":[{"href":"https:\/\/macronaturalsshop.com\/index.php?rest_route=\/wp\/v2\/types\/product"}],"replies":[{"embeddable":true,"href":"https:\/\/macronaturalsshop.com\/index.php?rest_route=%2Fwp%2Fv2%2Fcomments&post=2269"}],"wp:featuredmedia":[{"embeddable":true,"href":"https:\/\/macronaturalsshop.com\/index.php?rest_route=\/wp\/v2\/media\/2270"}],"wp:attachment":[{"href":"https:\/\/macronaturalsshop.com\/index.php?rest_route=%2Fwp%2Fv2%2Fmedia&parent=2269"}],"wp:term":[{"taxonomy":"product_brand","embeddable":true,"href":"https:\/\/macronaturalsshop.com\/index.php?rest_route=%2Fwp%2Fv2%2Fproduct_brand&post=2269"},{"taxonomy":"product_cat","embeddable":true,"href":"https:\/\/macronaturalsshop.com\/index.php?rest_route=%2Fwp%2Fv2%2Fproduct_cat&post=2269"},{"taxonomy":"product_tag","embeddable":true,"href":"https:\/\/macronaturalsshop.com\/index.php?rest_route=%2Fwp%2Fv2%2Fproduct_tag&post=2269"}],"curies":[{"name":"wp","href":"https:\/\/api.w.org\/{rel}","templated":true}]}}